{"id":2293,"date":"2021-11-15T14:49:05","date_gmt":"2021-11-15T13:49:05","guid":{"rendered":"https:\/\/www.filtrop.com\/produkt\/spiegel-typ-l\/"},"modified":"2025-03-15T10:45:19","modified_gmt":"2025-03-15T09:45:19","slug":"spiegel-typ-l","status":"publish","type":"product","link":"https:\/\/www.filtrop.com\/de\/shop\/fotospiegel\/lingualspiegel-typ-l\/","title":{"rendered":"Lingualspiegel &#8211; Typ L"},"content":{"rendered":"","protected":false},"excerpt":{"rendered":"<p>Der Lingualspiegel Typ L mit 110 x 63 mm f\u00fcr Aufnahmen von der Zunge ist ohne Haltegriff, beidseitig verspiegelt und dadurch beidseitig verwendbar. L\u00e4sst sich hervorragend sterilisieren und kann daher auch f\u00fcr chirurgische Eingriffe sowie bei Risikopatienten eingesetzt werden.<\/p>\n","protected":false},"featured_media":3970,"template":"","meta":{"_acf_changed":false,"_seopress_robots_primary_cat":"none","_seopress_titles_title":"Lingualspiegel - Typ L -Rhodium beschichtet | Filtrop","_seopress_titles_desc":"Einzel-Spiegel ohne Haltegriff f\u00fcr Lingualaufnahmen (Aufnahmen der Zunge), Typ L, Gr\u00f6sse: 110 x 63 mm hier im Filtrop-Shop online bestellen","_seopress_robots_index":""},"product_brand":[],"product_cat":[416],"product_tag":[48],"class_list":{"0":"post-2293","1":"product","2":"type-product","3":"status-publish","4":"has-post-thumbnail","6":"product_cat-fotospiegel","7":"product_tag-filtrop","9":"first","10":"instock","11":"taxable","12":"shipping-taxable","13":"purchasable","14":"product-type-simple"},"acf":[],"_links":{"self":[{"href":"https:\/\/www.filtrop.com\/de\/wp-json\/wp\/v2\/product\/2293","targetHints":{"allow":["GET"]}}],"collection":[{"href":"https:\/\/www.filtrop.com\/de\/wp-json\/wp\/v2\/product"}],"about":[{"href":"https:\/\/www.filtrop.com\/de\/wp-json\/wp\/v2\/types\/product"}],"wp:featuredmedia":[{"embeddable":true,"href":"https:\/\/www.filtrop.com\/de\/wp-json\/wp\/v2\/media\/3970"}],"wp:attachment":[{"href":"https:\/\/www.filtrop.com\/de\/wp-json\/wp\/v2\/media?parent=2293"}],"wp:term":[{"taxonomy":"product_brand","embeddable":true,"href":"https:\/\/www.filtrop.com\/de\/wp-json\/wp\/v2\/product_brand?post=2293"},{"taxonomy":"product_cat","embeddable":true,"href":"https:\/\/www.filtrop.com\/de\/wp-json\/wp\/v2\/product_cat?post=2293"},{"taxonomy":"product_tag","embeddable":true,"href":"https:\/\/www.filtrop.com\/de\/wp-json\/wp\/v2\/product_tag?post=2293"}],"curies":[{"name":"wp","href":"https:\/\/api.w.org\/{rel}","templated":true}]}}