{"id":2292,"date":"2021-11-15T14:49:05","date_gmt":"2021-11-15T13:49:05","guid":{"rendered":"https:\/\/www.filtrop.com\/produkt\/spiegel-typ-o\/"},"modified":"2025-03-15T10:48:10","modified_gmt":"2025-03-15T09:48:10","slug":"spiegel-typ-o","status":"publish","type":"product","link":"https:\/\/www.filtrop.com\/de\/shop\/fotospiegel\/spiegel-kombination-klein-gross-typ-o-fuer-okklusalaufnahmen\/","title":{"rendered":"Spiegel, Kombination klein\/gross &#8211; Typ O f\u00fcr Okklusalaufnahmen"},"content":{"rendered":"","protected":false},"excerpt":{"rendered":"<p>Der kombinierte Spiegel klein\/gross Typ O mit 230 x 75 mm f\u00fcr Okklusalaufnahmen ist ohne Haltegriff, beidseitig verspiegelt und dadurch beidseitig verwendbar. L\u00e4sst sich hervorragend sterilisieren und kann daher auch f\u00fcr chirurgische Eingriffe sowie bei Risikopatienten eingesetzt werden.<\/p>\n","protected":false},"featured_media":3988,"template":"","meta":{"_acf_changed":false,"_seopress_robots_primary_cat":"none","_seopress_titles_title":"Intraoral Spiegel, Kombination klein\/gross - Typ O | Filtrop","_seopress_titles_desc":"Einzel-Spiegel  f\u00fcr Okklusalaufnahmen ohne Haltegriff, Typ O, Gr\u00f6sse: 230 x 75 mm hier im Filtrop-Shop online bestellen","_seopress_robots_index":""},"product_brand":[],"product_cat":[416],"product_tag":[48],"class_list":{"0":"post-2292","1":"product","2":"type-product","3":"status-publish","4":"has-post-thumbnail","6":"product_cat-fotospiegel","7":"product_tag-filtrop","9":"first","10":"instock","11":"taxable","12":"shipping-taxable","13":"purchasable","14":"product-type-simple"},"acf":[],"_links":{"self":[{"href":"https:\/\/www.filtrop.com\/de\/wp-json\/wp\/v2\/product\/2292","targetHints":{"allow":["GET"]}}],"collection":[{"href":"https:\/\/www.filtrop.com\/de\/wp-json\/wp\/v2\/product"}],"about":[{"href":"https:\/\/www.filtrop.com\/de\/wp-json\/wp\/v2\/types\/product"}],"wp:featuredmedia":[{"embeddable":true,"href":"https:\/\/www.filtrop.com\/de\/wp-json\/wp\/v2\/media\/3988"}],"wp:attachment":[{"href":"https:\/\/www.filtrop.com\/de\/wp-json\/wp\/v2\/media?parent=2292"}],"wp:term":[{"taxonomy":"product_brand","embeddable":true,"href":"https:\/\/www.filtrop.com\/de\/wp-json\/wp\/v2\/product_brand?post=2292"},{"taxonomy":"product_cat","embeddable":true,"href":"https:\/\/www.filtrop.com\/de\/wp-json\/wp\/v2\/product_cat?post=2292"},{"taxonomy":"product_tag","embeddable":true,"href":"https:\/\/www.filtrop.com\/de\/wp-json\/wp\/v2\/product_tag?post=2292"}],"curies":[{"name":"wp","href":"https:\/\/api.w.org\/{rel}","templated":true}]}}