{"id":2289,"date":"2021-11-15T14:49:05","date_gmt":"2021-11-15T13:49:05","guid":{"rendered":"https:\/\/www.filtrop.com\/produkt\/spiegel-typ-d\/"},"modified":"2025-11-24T11:19:46","modified_gmt":"2025-11-24T10:19:46","slug":"spiegel-typ-d","status":"publish","type":"product","link":"https:\/\/www.filtrop.com\/de\/shop\/fotospiegel\/spiegel-mit-haltegriff-typ-d-fuer-seitenaufnahmen\/","title":{"rendered":"Spiegel mit Haltegriff &#8211; Typ D f\u00fcr Seitenaufnahmen"},"content":{"rendered":"","protected":false},"excerpt":{"rendered":"<p>Der Fotospiegel Typ D mit 125 x 50 mm ist ein Einzel-Spiegel mit Haltegriff f\u00fcr Seitenaufnahmen. Wird inklusive Etui geliefert.<\/p>\n","protected":false},"featured_media":3992,"template":"","meta":{"_acf_changed":false,"_seopress_robots_primary_cat":"none","_seopress_titles_title":"Intraoral Spiegel f\u00fcr Seitenaufnahmen mit Haltegriff, Typ D","_seopress_titles_desc":"Einzel-Spiegel mit Haltegriff f\u00fcr Seitenaufnahmen, Typ D, Rhodium-Beschichtung. Inklusive Etui, Gr\u00f6sse: 125 x 50 mm im Shop online bestellen","_seopress_robots_index":""},"product_brand":[],"product_cat":[416],"product_tag":[48],"class_list":{"0":"post-2289","1":"product","2":"type-product","3":"status-publish","4":"has-post-thumbnail","6":"product_cat-fotospiegel","7":"product_tag-filtrop","9":"first","10":"instock","11":"taxable","12":"shipping-taxable","13":"purchasable","14":"product-type-simple"},"acf":[],"_links":{"self":[{"href":"https:\/\/www.filtrop.com\/de\/wp-json\/wp\/v2\/product\/2289","targetHints":{"allow":["GET"]}}],"collection":[{"href":"https:\/\/www.filtrop.com\/de\/wp-json\/wp\/v2\/product"}],"about":[{"href":"https:\/\/www.filtrop.com\/de\/wp-json\/wp\/v2\/types\/product"}],"wp:featuredmedia":[{"embeddable":true,"href":"https:\/\/www.filtrop.com\/de\/wp-json\/wp\/v2\/media\/3992"}],"wp:attachment":[{"href":"https:\/\/www.filtrop.com\/de\/wp-json\/wp\/v2\/media?parent=2289"}],"wp:term":[{"taxonomy":"product_brand","embeddable":true,"href":"https:\/\/www.filtrop.com\/de\/wp-json\/wp\/v2\/product_brand?post=2289"},{"taxonomy":"product_cat","embeddable":true,"href":"https:\/\/www.filtrop.com\/de\/wp-json\/wp\/v2\/product_cat?post=2289"},{"taxonomy":"product_tag","embeddable":true,"href":"https:\/\/www.filtrop.com\/de\/wp-json\/wp\/v2\/product_tag?post=2289"}],"curies":[{"name":"wp","href":"https:\/\/api.w.org\/{rel}","templated":true}]}}