{"id":3539,"date":"2022-10-12T13:20:08","date_gmt":"2022-10-12T11:20:08","guid":{"rendered":"https:\/\/www.filtrop.com\/?page_id=3539"},"modified":"2022-10-13T13:01:42","modified_gmt":"2022-10-13T11:01:42","slug":"praezisionsfertigung-metallisch-gefertigter-spiegel","status":"publish","type":"page","link":"https:\/\/www.filtrop.com\/de\/produkte\/optische-spiegel\/praezisionsfertigung-metallischer-spiegel\/","title":{"rendered":"Pr\u00e4zisionsfertigung metallischer Spiegel"},"content":{"rendered":"\n<p>Spiegel auf Tr\u00e4germaterial Metall k\u00f6nnen dann zum Einsatz kommen, wenn sich f\u00fcr kleine St\u00fcckzahlen oder komplexe Substrat-Geometrien eine Fertigung auf herk\u00f6mmlichen Glas- und Keramiksubstraten nicht lohnt. Durch Endbearbeitung auf einer Ultrapr\u00e4zisionsdrehmaschine kann eine hochreflektierende Oberfl\u00e4che mit einer Oberfl\u00e4chenrauheit von Ra &lt;10 nm realisiert werden. Hierf\u00fcr arbeitet Filtrop mit einem renommierten Forschungsinstitut zusammen.<\/p>\n","protected":false},"excerpt":{"rendered":"<p>Spiegel auf Tr\u00e4germaterial Metall k\u00f6nnen dann zum Einsatz kommen, wenn sich f\u00fcr kleine St\u00fcckzahlen oder komplexe Substrat-Geometrien eine Fertigung auf herk\u00f6mmlichen Glas- und Keramiksubstraten nicht lohnt. Durch Endbearbeitung auf einer Ultrapr\u00e4zisionsdrehmaschine kann eine hochreflektierende Oberfl\u00e4che mit einer Oberfl\u00e4chenrauheit von Ra &lt;10 nm realisiert werden. Hierf\u00fcr arbeitet Filtrop mit einem renommierten Forschungsinstitut zusammen.<\/p>\n","protected":false},"author":2,"featured_media":3542,"parent":1284,"menu_order":0,"comment_status":"closed","ping_status":"closed","template":"","meta":{"_acf_changed":false,"_seopress_robots_primary_cat":"","_seopress_titles_title":"","_seopress_titles_desc":"","_seopress_robots_index":"","footnotes":""},"hf_cat_page":[38],"class_list":["post-3539","page","type-page","status-publish","has-post-thumbnail","hentry"],"blocksy_meta":{"styles_descriptor":{"styles":{"desktop":"","tablet":"","mobile":""},"google_fonts":[],"version":6}},"acf":[],"_links":{"self":[{"href":"https:\/\/www.filtrop.com\/de\/wp-json\/wp\/v2\/pages\/3539","targetHints":{"allow":["GET"]}}],"collection":[{"href":"https:\/\/www.filtrop.com\/de\/wp-json\/wp\/v2\/pages"}],"about":[{"href":"https:\/\/www.filtrop.com\/de\/wp-json\/wp\/v2\/types\/page"}],"author":[{"embeddable":true,"href":"https:\/\/www.filtrop.com\/de\/wp-json\/wp\/v2\/users\/2"}],"replies":[{"embeddable":true,"href":"https:\/\/www.filtrop.com\/de\/wp-json\/wp\/v2\/comments?post=3539"}],"version-history":[{"count":5,"href":"https:\/\/www.filtrop.com\/de\/wp-json\/wp\/v2\/pages\/3539\/revisions"}],"predecessor-version":[{"id":3557,"href":"https:\/\/www.filtrop.com\/de\/wp-json\/wp\/v2\/pages\/3539\/revisions\/3557"}],"up":[{"embeddable":true,"href":"https:\/\/www.filtrop.com\/de\/wp-json\/wp\/v2\/pages\/1284"}],"wp:featuredmedia":[{"embeddable":true,"href":"https:\/\/www.filtrop.com\/de\/wp-json\/wp\/v2\/media\/3542"}],"wp:attachment":[{"href":"https:\/\/www.filtrop.com\/de\/wp-json\/wp\/v2\/media?parent=3539"}],"wp:term":[{"taxonomy":"hf_cat_page","embeddable":true,"href":"https:\/\/www.filtrop.com\/de\/wp-json\/wp\/v2\/hf_cat_page?post=3539"}],"curies":[{"name":"wp","href":"https:\/\/api.w.org\/{rel}","templated":true}]}}