{"id":22,"date":"2021-10-13T13:17:16","date_gmt":"2021-10-13T11:17:16","guid":{"rendered":"https:\/\/www.filtrop.com\/versandarten\/"},"modified":"2024-07-24T13:47:16","modified_gmt":"2024-07-24T11:47:16","slug":"versandarten","status":"publish","type":"page","link":"https:\/\/www.filtrop.com\/de\/versandarten\/","title":{"rendered":"Versandarten"},"content":{"rendered":"\n<h2 class=\"wp-block-heading\">Versandkosten<\/h2>\n\n\n\n<ul class=\"wp-block-list\">\n<li>Schweiz &amp; Liechtenstein: CHF 19.90<\/li>\n\n\n\n<li>Europa: CHF 65.00<\/li>\n\n\n\n<li>Ausserhalb Europa und \u00dcbersee: CHF 120.00<\/li>\n<\/ul>\n\n\n\n<h2 class=\"wp-block-heading\">Lieferzeiten<\/h2>\n\n\n\n<ul class=\"wp-block-list\">\n<li>Schweiz &amp; Liechtenstein: ca. 1 Woche<\/li>\n\n\n\n<li>Europa: ca. 1-2 Wochen<\/li>\n\n\n\n<li>Ausserhalb Europa und \u00dcbersee: ca. 2 Wochen<\/li>\n<\/ul>\n\n\n\n<h2 class=\"wp-block-heading\">Wichtige Informationen f\u00fcr Kunden aus der EU<\/h2>\n\n\n\n<p><strong>Bitte beachten Sie, dass das F\u00fcrstentum Liechtenstein kein Mitglied der EU ist. Aus diesem Grunde m\u00fcssen folgende Punkte beachtet werden:<\/strong><\/p>\n\n\n\n<h3 class=\"wp-block-heading\">TVA \u2013 Mehrwertsteuer<\/h3>\n\n\n\n<p>Unsere Preise verstehen sich exklusive Mehrwertsteuer und werden auch so verschickt. D.h. konkret, dass Sie die Mehrwertsteuer (TVA) beim Import in Ihr Land (ein EU Land) bezahlen m\u00fcssen. Diese Steuern k\u00f6nnen Sie von Ihrem Staat zur\u00fcckfordern.<\/p>\n\n\n\n<h3 class=\"wp-block-heading\">Verzollung \u2013 EORI Nummer ben\u00f6tigt<\/h3>\n\n\n\n<p>S\u00e4mtliche Firmen ben\u00f6tigen f\u00fcr den Import aus Nicht-EU-L\u00e4ndern eine sogenannte EORI Nummer (Economic Operator\u2019s Registration and Identification). Diese Nummer dient zu Ihrer Identifizierung sowie der automatisierten Abfertigung des Zolls, sprich f\u00fcr den Import in Ihr Land (ein EU Land).<\/p>\n\n\n\n<p>Die jeweilige nationale Vergabestelle der EORI-Nummer kann auf der Webseite der Europ\u00e4ischen Union abgefragt werden. In Deutschland und in \u00d6sterreich erfolgt die Zuweisung der EORI-Nummer durch den Zoll.<\/p>\n","protected":false},"excerpt":{"rendered":"<p>Versandkosten Lieferzeiten Wichtige Informationen f\u00fcr Kunden aus der EU Bitte beachten Sie, dass das F\u00fcrstentum Liechtenstein kein Mitglied der EU ist. Aus diesem Grunde m\u00fcssen folgende Punkte beachtet werden: TVA \u2013 Mehrwertsteuer Unsere Preise verstehen sich exklusive Mehrwertsteuer und werden auch so verschickt. D.h. konkret, dass Sie die Mehrwertsteuer (TVA) beim Import in Ihr Land [&hellip;]<\/p>\n","protected":false},"author":1,"featured_media":0,"parent":0,"menu_order":0,"comment_status":"closed","ping_status":"closed","template":"","meta":{"_acf_changed":false,"_seopress_robots_primary_cat":"","_seopress_titles_title":"","_seopress_titles_desc":"","_seopress_robots_index":"yes","footnotes":""},"hf_cat_page":[32],"class_list":["post-22","page","type-page","status-publish","hentry"],"blocksy_meta":{"styles_descriptor":{"styles":{"desktop":"","tablet":"","mobile":""},"google_fonts":[],"version":6}},"acf":[],"_links":{"self":[{"href":"https:\/\/www.filtrop.com\/de\/wp-json\/wp\/v2\/pages\/22","targetHints":{"allow":["GET"]}}],"collection":[{"href":"https:\/\/www.filtrop.com\/de\/wp-json\/wp\/v2\/pages"}],"about":[{"href":"https:\/\/www.filtrop.com\/de\/wp-json\/wp\/v2\/types\/page"}],"author":[{"embeddable":true,"href":"https:\/\/www.filtrop.com\/de\/wp-json\/wp\/v2\/users\/1"}],"replies":[{"embeddable":true,"href":"https:\/\/www.filtrop.com\/de\/wp-json\/wp\/v2\/comments?post=22"}],"version-history":[{"count":5,"href":"https:\/\/www.filtrop.com\/de\/wp-json\/wp\/v2\/pages\/22\/revisions"}],"predecessor-version":[{"id":4176,"href":"https:\/\/www.filtrop.com\/de\/wp-json\/wp\/v2\/pages\/22\/revisions\/4176"}],"wp:attachment":[{"href":"https:\/\/www.filtrop.com\/de\/wp-json\/wp\/v2\/media?parent=22"}],"wp:term":[{"taxonomy":"hf_cat_page","embeddable":true,"href":"https:\/\/www.filtrop.com\/de\/wp-json\/wp\/v2\/hf_cat_page?post=22"}],"curies":[{"name":"wp","href":"https:\/\/api.w.org\/{rel}","templated":true}]}}