{"id":19,"date":"2021-10-13T13:17:16","date_gmt":"2021-10-13T11:17:16","guid":{"rendered":"https:\/\/www.filtrop.com\/impressum\/"},"modified":"2023-09-18T13:27:22","modified_gmt":"2023-09-18T11:27:22","slug":"impressum","status":"publish","type":"page","link":"https:\/\/www.filtrop.com\/de\/impressum\/","title":{"rendered":"Impressum"},"content":{"rendered":"\n<p><strong>F\u00fcr den Inhalt verantwortlich:<\/strong><br>Isabelle Frick<\/p>\n\n\n\n<p><strong>Filtrop AG<\/strong><br>Landstrasse 16<br>9496 Balzers<br>Liechtenstein<\/p>\n\n\n\n<p>Tel\u00a0<a href=\"tel:+4233881150\">+423 388 11 50<\/a><br><a href=\"mailto:info@filtrop.com\">info@filtrop.com<\/a><\/p>\n\n\n\n<p>MWSt-Nr.: 50382<br>UID: CHE-251.043.498<br>Handelsregisternummer: FL-0001.103.205-1<br>\u00d6ffentlichkeitsregister des F\u00fcrstentums Liechtenstein<br>Gerichtsstand: Vaduz<\/p>\n\n\n\n<p>Mitglied der Wirtschaftskammer Liechtenstein<br>Sektion Industrie<\/p>\n\n\n\n<h2 class=\"wp-block-heading\">Haftungsausschluss<\/h2>\n\n\n\n<p>Der Autor \u00fcbernimmt keinerlei Gew\u00e4hr hinsichtlich der inhaltlichen Richtigkeit, Genauigkeit, Aktualit\u00e4t, Zuverl\u00e4ssigkeit und Vollst\u00e4ndigkeit der Informationen. Haftungsanspr\u00fcche gegen den Autor wegen Sch\u00e4den materieller oder immaterieller Art, welche aus dem Zugriff oder der Nutzung bzw. Nichtnutzung der ver\u00f6ffentlichten Informationen, durch Missbrauch der Verbindung oder durch technische St\u00f6rungen entstanden sind, werden ausgeschlossen.<\/p>\n\n\n\n<h2 class=\"wp-block-heading\">Haftung f\u00fcr Links<\/h2>\n\n\n\n<p>Verweise und Links auf Webseiten Dritter liegen ausserhalb unseres Verantwortungsbereichs. Es wird jegliche Verantwortung f\u00fcr solche Webseiten abgelehnt. Der Zugriff und die Nutzung solcher Webseiten erfolgen auf eigene Gefahr des Nutzers oder der Nutzerin.<\/p>\n\n\n\n<h2 class=\"wp-block-heading\">Urheberrechte<\/h2>\n\n\n\n<p>Die Urheber- und alle anderen Rechte an Inhalten, Bildern, Fotos oder anderen Dateien auf der Website geh\u00f6ren ausschliesslich Filtrop AG oder den speziell genannten Rechtsinhabern. F\u00fcr die Reproduktion jeglicher Elemente ist die schriftliche Zustimmung der Urheberrechtstr\u00e4ger im Voraus einzuholen.<\/p>\n\n\n\n<h2 class=\"wp-block-heading\">Internetl\u00f6sung &amp; Design<\/h2>\n\n\n\n<p><a href=\"https:\/\/www.creativemedia.li\/\" target=\"_blank\" rel=\"noreferrer noopener\"><\/a>creative<strong>media<\/strong>&nbsp;AG<br>Im alten Riet 153<br>9494 Schaan<br>Liechtenstein<\/p>\n\n\n\n<p><a href=\"https:\/\/www.creativemedia.li\/\" target=\"_blank\" rel=\"noreferrer noopener\">www.creativemedia.li<\/a><\/p>\n\n\n\n<h3 class=\"wp-block-heading\">Alternative Streitbeilegung gem\u00e4\u00df Art. 14 Abs. 1 ODR-VO und \u00a7 36 VSBG:<\/h3>\n\n\n\n<p>Die Europ\u00e4ische Kommission stellt eine Plattform zur Online-Streitbeilegung (OS) bereit, die du unter&nbsp;<a href=\"https:\/\/ec.europa.eu\/consumers\/odr\" target=\"_blank\" rel=\"noreferrer noopener\">https:\/\/ec.europa.eu\/consumers\/odr<\/a>&nbsp;findest. Zur Teilnahme an einem Streitbeilegungsverfahren vor einer Verbraucherschlichtungsstelle sind wir nicht verpflichtet und nicht bereit.<\/p>\n","protected":false},"excerpt":{"rendered":"<p>F\u00fcr den Inhalt verantwortlich:Isabelle Frick Filtrop AGLandstrasse 169496 BalzersLiechtenstein Tel\u00a0+423 388 11 50info@filtrop.com MWSt-Nr.: 50382UID: CHE-251.043.498Handelsregisternummer: FL-0001.103.205-1\u00d6ffentlichkeitsregister des F\u00fcrstentums LiechtensteinGerichtsstand: Vaduz Mitglied der Wirtschaftskammer LiechtensteinSektion Industrie Haftungsausschluss Der Autor \u00fcbernimmt keinerlei Gew\u00e4hr hinsichtlich der inhaltlichen Richtigkeit, Genauigkeit, Aktualit\u00e4t, Zuverl\u00e4ssigkeit und Vollst\u00e4ndigkeit der Informationen. Haftungsanspr\u00fcche gegen den Autor wegen Sch\u00e4den materieller oder immaterieller Art, welche aus [&hellip;]<\/p>\n","protected":false},"author":1,"featured_media":0,"parent":0,"menu_order":0,"comment_status":"closed","ping_status":"closed","template":"","meta":{"_acf_changed":false,"_seopress_robots_primary_cat":"","_seopress_titles_title":"","_seopress_titles_desc":"","_seopress_robots_index":"yes","footnotes":""},"hf_cat_page":[32],"class_list":["post-19","page","type-page","status-publish","hentry"],"blocksy_meta":{"styles_descriptor":{"styles":{"desktop":"","tablet":"","mobile":""},"google_fonts":[],"version":6}},"acf":[],"_links":{"self":[{"href":"https:\/\/www.filtrop.com\/de\/wp-json\/wp\/v2\/pages\/19","targetHints":{"allow":["GET"]}}],"collection":[{"href":"https:\/\/www.filtrop.com\/de\/wp-json\/wp\/v2\/pages"}],"about":[{"href":"https:\/\/www.filtrop.com\/de\/wp-json\/wp\/v2\/types\/page"}],"author":[{"embeddable":true,"href":"https:\/\/www.filtrop.com\/de\/wp-json\/wp\/v2\/users\/1"}],"replies":[{"embeddable":true,"href":"https:\/\/www.filtrop.com\/de\/wp-json\/wp\/v2\/comments?post=19"}],"version-history":[{"count":2,"href":"https:\/\/www.filtrop.com\/de\/wp-json\/wp\/v2\/pages\/19\/revisions"}],"predecessor-version":[{"id":3818,"href":"https:\/\/www.filtrop.com\/de\/wp-json\/wp\/v2\/pages\/19\/revisions\/3818"}],"wp:attachment":[{"href":"https:\/\/www.filtrop.com\/de\/wp-json\/wp\/v2\/media?parent=19"}],"wp:term":[{"taxonomy":"hf_cat_page","embeddable":true,"href":"https:\/\/www.filtrop.com\/de\/wp-json\/wp\/v2\/hf_cat_page?post=19"}],"curies":[{"name":"wp","href":"https:\/\/api.w.org\/{rel}","templated":true}]}}