{"id":1302,"date":"2021-10-13T13:48:39","date_gmt":"2021-10-13T11:48:39","guid":{"rendered":"https:\/\/www.filtrop.com\/produkte\/strahlenteiler-lichtteiler\/neutral-lichtteiler\/"},"modified":"2022-01-31T17:13:51","modified_gmt":"2022-01-31T16:13:51","slug":"neutral-lichtteiler","status":"publish","type":"page","link":"https:\/\/www.filtrop.com\/de\/produkte\/strahlenteiler-lichtteiler\/neutral-lichtteiler\/","title":{"rendered":"Neutral-Lichtteiler"},"content":{"rendered":"\n<p><strong>Neutral-Lichtteiler trennen Licht in reflektierte und transmittierte Anteile ohne spektrale Beeinflussung.<\/strong><\/p>\n\n\n\n<p>Typisches Teilungsverh\u00e4ltnis ist z. B. R:T = 50:50 bei 45\u00b0 Lichteinfall von 400 bis 700 nm. Neutral-Lichtteiler k\u00f6nnen f\u00fcr schmale und breite Wellenl\u00e4ngen-Bereiche mit unterschiedlichem Teilungsverh\u00e4ltnis sowie ohne bzw. mit polarisierender Wirkung sowie verkittet und unverkittet hergestellt werden.<\/p>\n","protected":false},"excerpt":{"rendered":"<p>Neutral-Lichtteiler trennen Licht in reflektierte und transmittierte Anteile ohne spektrale Beeinflussung. Typisches Teilungsverh\u00e4ltnis ist z. B. R:T = 50:50 bei 45\u00b0 Lichteinfall von 400 bis 700 nm. Neutral-Lichtteiler k\u00f6nnen f\u00fcr schmale und breite Wellenl\u00e4ngen-Bereiche mit unterschiedlichem Teilungsverh\u00e4ltnis sowie ohne bzw. mit polarisierender Wirkung sowie verkittet und unverkittet hergestellt werden.<\/p>\n","protected":false},"author":1,"featured_media":1408,"parent":1287,"menu_order":0,"comment_status":"closed","ping_status":"closed","template":"","meta":{"_acf_changed":false,"_seopress_robots_primary_cat":"","_seopress_titles_title":"","_seopress_titles_desc":"","_seopress_robots_index":"","footnotes":""},"hf_cat_page":[38],"class_list":["post-1302","page","type-page","status-publish","has-post-thumbnail","hentry"],"blocksy_meta":{"styles_descriptor":{"styles":{"desktop":"","tablet":"","mobile":""},"google_fonts":[],"version":6}},"acf":[],"_links":{"self":[{"href":"https:\/\/www.filtrop.com\/de\/wp-json\/wp\/v2\/pages\/1302","targetHints":{"allow":["GET"]}}],"collection":[{"href":"https:\/\/www.filtrop.com\/de\/wp-json\/wp\/v2\/pages"}],"about":[{"href":"https:\/\/www.filtrop.com\/de\/wp-json\/wp\/v2\/types\/page"}],"author":[{"embeddable":true,"href":"https:\/\/www.filtrop.com\/de\/wp-json\/wp\/v2\/users\/1"}],"replies":[{"embeddable":true,"href":"https:\/\/www.filtrop.com\/de\/wp-json\/wp\/v2\/comments?post=1302"}],"version-history":[{"count":2,"href":"https:\/\/www.filtrop.com\/de\/wp-json\/wp\/v2\/pages\/1302\/revisions"}],"predecessor-version":[{"id":3255,"href":"https:\/\/www.filtrop.com\/de\/wp-json\/wp\/v2\/pages\/1302\/revisions\/3255"}],"up":[{"embeddable":true,"href":"https:\/\/www.filtrop.com\/de\/wp-json\/wp\/v2\/pages\/1287"}],"wp:featuredmedia":[{"embeddable":true,"href":"https:\/\/www.filtrop.com\/de\/wp-json\/wp\/v2\/media\/1408"}],"wp:attachment":[{"href":"https:\/\/www.filtrop.com\/de\/wp-json\/wp\/v2\/media?parent=1302"}],"wp:term":[{"taxonomy":"hf_cat_page","embeddable":true,"href":"https:\/\/www.filtrop.com\/de\/wp-json\/wp\/v2\/hf_cat_page?post=1302"}],"curies":[{"name":"wp","href":"https:\/\/api.w.org\/{rel}","templated":true}]}}