{"id":1300,"date":"2021-10-13T13:48:39","date_gmt":"2021-10-13T11:48:39","guid":{"rendered":"https:\/\/www.filtrop.com\/produkte\/optische-spiegel\/metallische-spiegel\/"},"modified":"2024-02-06T08:48:06","modified_gmt":"2024-02-06T07:48:06","slug":"metallische-spiegel","status":"publish","type":"page","link":"https:\/\/www.filtrop.com\/de\/produkte\/optische-spiegel\/metallische-spiegel\/","title":{"rendered":"Metallische Spiegel"},"content":{"rendered":"\n<p>Metallspiegel haben eine relativ grosse spektrale Breite von etwa 0.2 bis 12 \u00b5m, sind aber in der H\u00f6he ihres Reflexionsverm\u00f6gens sehr unterschiedlich mit Werten zwischen 96% und 60%, wobei jedoch mit reflexionsverst\u00e4rkenden dielektrischen Schichtdicken, z.B. bei Silber, Werte > 98% erreicht werden k\u00f6nnen.<\/p>\n","protected":false},"excerpt":{"rendered":"<p>Metallspiegel haben eine relativ grosse spektrale Breite von etwa 0.2 bis 12 \u00b5m, sind aber in der H\u00f6he ihres Reflexionsverm\u00f6gens sehr unterschiedlich mit Werten zwischen 96% und 60%, wobei jedoch mit reflexionsverst\u00e4rkenden dielektrischen Schichtdicken, z.B. bei Silber, Werte > 98% erreicht werden k\u00f6nnen.<\/p>\n","protected":false},"author":1,"featured_media":1412,"parent":1284,"menu_order":0,"comment_status":"closed","ping_status":"closed","template":"","meta":{"_acf_changed":false,"_seopress_robots_primary_cat":"","_seopress_titles_title":"","_seopress_titles_desc":"","_seopress_robots_index":"","footnotes":""},"hf_cat_page":[38],"class_list":["post-1300","page","type-page","status-publish","has-post-thumbnail","hentry"],"blocksy_meta":{"styles_descriptor":{"styles":{"desktop":"","tablet":"","mobile":""},"google_fonts":[],"version":6}},"acf":[],"_links":{"self":[{"href":"https:\/\/www.filtrop.com\/de\/wp-json\/wp\/v2\/pages\/1300","targetHints":{"allow":["GET"]}}],"collection":[{"href":"https:\/\/www.filtrop.com\/de\/wp-json\/wp\/v2\/pages"}],"about":[{"href":"https:\/\/www.filtrop.com\/de\/wp-json\/wp\/v2\/types\/page"}],"author":[{"embeddable":true,"href":"https:\/\/www.filtrop.com\/de\/wp-json\/wp\/v2\/users\/1"}],"replies":[{"embeddable":true,"href":"https:\/\/www.filtrop.com\/de\/wp-json\/wp\/v2\/comments?post=1300"}],"version-history":[{"count":4,"href":"https:\/\/www.filtrop.com\/de\/wp-json\/wp\/v2\/pages\/1300\/revisions"}],"predecessor-version":[{"id":4036,"href":"https:\/\/www.filtrop.com\/de\/wp-json\/wp\/v2\/pages\/1300\/revisions\/4036"}],"up":[{"embeddable":true,"href":"https:\/\/www.filtrop.com\/de\/wp-json\/wp\/v2\/pages\/1284"}],"wp:featuredmedia":[{"embeddable":true,"href":"https:\/\/www.filtrop.com\/de\/wp-json\/wp\/v2\/media\/1412"}],"wp:attachment":[{"href":"https:\/\/www.filtrop.com\/de\/wp-json\/wp\/v2\/media?parent=1300"}],"wp:term":[{"taxonomy":"hf_cat_page","embeddable":true,"href":"https:\/\/www.filtrop.com\/de\/wp-json\/wp\/v2\/hf_cat_page?post=1300"}],"curies":[{"name":"wp","href":"https:\/\/api.w.org\/{rel}","templated":true}]}}