{"id":1299,"date":"2021-10-13T13:48:39","date_gmt":"2021-10-13T11:48:39","guid":{"rendered":"https:\/\/www.filtrop.com\/produkte\/optische-spiegel\/dielektrische-spiegel\/"},"modified":"2021-10-14T10:55:05","modified_gmt":"2021-10-14T08:55:05","slug":"dielektrische-spiegel","status":"publish","type":"page","link":"https:\/\/www.filtrop.com\/de\/produkte\/optische-spiegel\/dielektrische-spiegel\/","title":{"rendered":"Dielektrische Spiegel"},"content":{"rendered":"\n<p>Dielektrische Interferenz-Spiegel sind im Vergleich mit Metallspiegeln spektral weniger breit und in ihrer Reflexion winkelabh\u00e4ngig. Sie k\u00f6nnen jedoch bei senkrechtem Einfallswinkel Reflexionswerte im Sichtbaren von \u00fcber 99.9% erreichen.<\/p>\n\n\n\n<p>Das gelingt, weil aus reinen, absorptionsfreien Materialien optisch hochwertige, verlustarme Interferenz-Schichtsysteme mittels modernster Beschichtungstechnologie unter Reinraumbedingungen hergestellt werden.<\/p>\n","protected":false},"excerpt":{"rendered":"<p>Dielektrische Interferenz-Spiegel sind im Vergleich mit Metallspiegeln spektral weniger breit und in ihrer Reflexion winkelabh\u00e4ngig. Sie k\u00f6nnen jedoch bei senkrechtem Einfallswinkel Reflexionswerte im Sichtbaren von \u00fcber 99.9% erreichen. Das gelingt, weil aus reinen, absorptionsfreien Materialien optisch hochwertige, verlustarme Interferenz-Schichtsysteme mittels modernster Beschichtungstechnologie unter Reinraumbedingungen hergestellt werden.<\/p>\n","protected":false},"author":1,"featured_media":1392,"parent":1284,"menu_order":0,"comment_status":"closed","ping_status":"closed","template":"","meta":{"_acf_changed":false,"_seopress_robots_primary_cat":"","_seopress_titles_title":"","_seopress_titles_desc":"","_seopress_robots_index":"","footnotes":""},"hf_cat_page":[38],"class_list":["post-1299","page","type-page","status-publish","has-post-thumbnail","hentry"],"blocksy_meta":{"styles_descriptor":{"styles":{"desktop":"","tablet":"","mobile":""},"google_fonts":[],"version":6}},"acf":[],"_links":{"self":[{"href":"https:\/\/www.filtrop.com\/de\/wp-json\/wp\/v2\/pages\/1299","targetHints":{"allow":["GET"]}}],"collection":[{"href":"https:\/\/www.filtrop.com\/de\/wp-json\/wp\/v2\/pages"}],"about":[{"href":"https:\/\/www.filtrop.com\/de\/wp-json\/wp\/v2\/types\/page"}],"author":[{"embeddable":true,"href":"https:\/\/www.filtrop.com\/de\/wp-json\/wp\/v2\/users\/1"}],"replies":[{"embeddable":true,"href":"https:\/\/www.filtrop.com\/de\/wp-json\/wp\/v2\/comments?post=1299"}],"version-history":[{"count":0,"href":"https:\/\/www.filtrop.com\/de\/wp-json\/wp\/v2\/pages\/1299\/revisions"}],"up":[{"embeddable":true,"href":"https:\/\/www.filtrop.com\/de\/wp-json\/wp\/v2\/pages\/1284"}],"wp:featuredmedia":[{"embeddable":true,"href":"https:\/\/www.filtrop.com\/de\/wp-json\/wp\/v2\/media\/1392"}],"wp:attachment":[{"href":"https:\/\/www.filtrop.com\/de\/wp-json\/wp\/v2\/media?parent=1299"}],"wp:term":[{"taxonomy":"hf_cat_page","embeddable":true,"href":"https:\/\/www.filtrop.com\/de\/wp-json\/wp\/v2\/hf_cat_page?post=1299"}],"curies":[{"name":"wp","href":"https:\/\/api.w.org\/{rel}","templated":true}]}}