{"id":1297,"date":"2021-10-13T13:48:39","date_gmt":"2021-10-13T11:48:39","guid":{"rendered":"https:\/\/www.filtrop.com\/produkte\/optische-rohmaterialien\/silizum-und-germanium\/"},"modified":"2022-01-31T17:16:13","modified_gmt":"2022-01-31T16:16:13","slug":"silizum-und-germanium","status":"publish","type":"page","link":"https:\/\/www.filtrop.com\/de\/produkte\/optische-rohmaterialien\/silizum-und-germanium\/","title":{"rendered":"Silizum und Germanium"},"content":{"rendered":"\n<p><strong>Wir liefern hochwertige Silizium- und Germaniumkristalle, hergestellt im Czochralski-Verfahren.<\/strong><\/p>\n\n\n\n<p>Die Eigenschaften wie elektrischer Widerstand, IR-Transmission, Kristallorientierung und Eigenspannung der Kristalle k\u00f6nnen nach Kundenanforderungen angepasst werden.<\/p>\n\n\n\n<h2 class=\"wp-block-heading\" id=\"unsere-liefermoglichkeiten\">Unsere Lieferm\u00f6glichkeiten<\/h2>\n\n\n\n<h3 class=\"wp-block-heading\" id=\"rohlinge\">Rohlinge<\/h3>\n\n\n\n<ul class=\"wp-block-list\"><li>Kundenspezifische Gr\u00f6ssen<\/li><li>\u00d8 bis 457.2 mm<\/li><li>Dicke bis 381 mm<\/li><\/ul>\n\n\n\n<h3 class=\"wp-block-heading\" id=\"cnc-gefertigte-teile\">CNC gefertigte Teile<\/h3>\n\n\n\n<ul class=\"wp-block-list\"><li>Komplexe Geometrien<\/li><li>Gr\u00f6ssen bis 444.5 mm<\/li><li>Toleranzen kleiner 0.015 mm<\/li><li>Oberfl\u00e4chenrauheit bis 16 \u00b5m<\/li><\/ul>\n\n\n\n<h3 class=\"wp-block-heading\" id=\"gekrummte-oberflachen\">Gekr\u00fcmmte Oberfl\u00e4chen<\/h3>\n\n\n\n<ul class=\"wp-block-list\"><li>Gr\u00f6ssen bis \u00d8 368.3 mm<\/li><li>Durchbiegungstoleranz: \u00b11 \u00b5m<\/li><li>Asph\u00e4ren: Endkonturnahe Fertigung m\u00f6glich<\/li><\/ul>\n\n\n\n<h3 class=\"wp-block-heading\" id=\"polierte-substrate\">Polierte Substrate<\/h3>\n\n\n\n<ul class=\"wp-block-list\"><li>Plan gr\u00f6sser \u00d8 355.6 mm, sph\u00e4risch gr\u00f6sser \u00d8 203.2 mm m\u00f6glich<\/li><li>S\/D: besser als 20\/10<\/li><li>Oberfl\u00e4chenrauheit: plan kleiner als 15 \u00c5, sph\u00e4risch auf Anfrage<\/li><li>Planit\u00e4t: Plan besser als \u03bb\/10, sph\u00e4risch besser als \u03bb\/4<\/li><\/ul>\n\n\n\n<h2 class=\"wp-block-heading\" id=\"anwendung\">Anwendung<\/h2>\n\n\n\n<ul class=\"wp-block-list\"><li>Infrarot-Fenster und -Linsen<\/li><li>Laserspiegel<\/li><li>Wafer f\u00fcr Halbleiter<\/li><li>Beschichtungsmaterialien<\/li><\/ul>\n\n\n\n<h2 class=\"wp-block-heading\" id=\"transmissionskurve-silizium\">Transmissionskurve Silizium<\/h2>\n\n\n\n<figure class=\"wp-block-image size-full\"><img fetchpriority=\"high\" decoding=\"async\" width=\"589\" height=\"250\" src=\"https:\/\/www.filtrop.com\/wp-content\/uploads\/2021\/10\/transmissionskurve-silizium.png\" alt=\"\" class=\"wp-image-1470\" srcset=\"https:\/\/www.filtrop.com\/wp-content\/uploads\/2021\/10\/transmissionskurve-silizium.png 589w, https:\/\/www.filtrop.com\/wp-content\/uploads\/2021\/10\/transmissionskurve-silizium-300x127.png 300w\" sizes=\"(max-width: 589px) 100vw, 589px\" \/><\/figure>\n\n\n\n<h2 class=\"wp-block-heading\" id=\"transmissionskurve-germanium\">Transmissionskurve Germanium<\/h2>\n\n\n\n<figure class=\"wp-block-image size-full\"><img decoding=\"async\" width=\"589\" height=\"200\" src=\"https:\/\/www.filtrop.com\/wp-content\/uploads\/2021\/10\/transmissionskurve-germanium.png\" alt=\"\" class=\"wp-image-1469\" srcset=\"https:\/\/www.filtrop.com\/wp-content\/uploads\/2021\/10\/transmissionskurve-germanium.png 589w, https:\/\/www.filtrop.com\/wp-content\/uploads\/2021\/10\/transmissionskurve-germanium-300x102.png 300w\" sizes=\"(max-width: 589px) 100vw, 589px\" \/><\/figure>\n\n\n\n<figure class=\"wp-block-gallery has-nested-images columns-default is-cropped wp-block-gallery-1 is-layout-flex wp-block-gallery-is-layout-flex\">\n<figure class=\"wp-block-image size-full\"><img decoding=\"async\" width=\"751\" height=\"581\" data-id=\"1422\" src=\"https:\/\/www.filtrop.com\/wp-content\/uploads\/2021\/10\/silizium-germanium-3.jpg\" alt=\"\" class=\"wp-image-1422\" srcset=\"https:\/\/www.filtrop.com\/wp-content\/uploads\/2021\/10\/silizium-germanium-3.jpg 751w, https:\/\/www.filtrop.com\/wp-content\/uploads\/2021\/10\/silizium-germanium-3-300x232.jpg 300w, https:\/\/www.filtrop.com\/wp-content\/uploads\/2021\/10\/silizium-germanium-3-600x464.jpg 600w\" sizes=\"(max-width: 751px) 100vw, 751px\" \/><\/figure>\n\n\n\n<figure class=\"wp-block-image size-full\"><img loading=\"lazy\" decoding=\"async\" width=\"751\" height=\"581\" data-id=\"1421\" src=\"https:\/\/www.filtrop.com\/wp-content\/uploads\/2021\/10\/silizium-germanium-2.jpg\" alt=\"\" class=\"wp-image-1421\" srcset=\"https:\/\/www.filtrop.com\/wp-content\/uploads\/2021\/10\/silizium-germanium-2.jpg 751w, https:\/\/www.filtrop.com\/wp-content\/uploads\/2021\/10\/silizium-germanium-2-300x232.jpg 300w, https:\/\/www.filtrop.com\/wp-content\/uploads\/2021\/10\/silizium-germanium-2-600x464.jpg 600w\" sizes=\"(max-width: 751px) 100vw, 751px\" \/><\/figure>\n\n\n\n<figure class=\"wp-block-image size-full\"><img loading=\"lazy\" decoding=\"async\" width=\"481\" height=\"384\" data-id=\"1420\" src=\"https:\/\/www.filtrop.com\/wp-content\/uploads\/2021\/10\/silizium-germanium-1.jpg\" alt=\"\" class=\"wp-image-1420\" srcset=\"https:\/\/www.filtrop.com\/wp-content\/uploads\/2021\/10\/silizium-germanium-1.jpg 481w, https:\/\/www.filtrop.com\/wp-content\/uploads\/2021\/10\/silizium-germanium-1-300x240.jpg 300w\" sizes=\"(max-width: 481px) 100vw, 481px\" \/><\/figure>\n<figcaption class=\"blocks-gallery-caption\">Bilder mit freundlicher Genehmigung durch Lattice Materials (<a rel=\"noreferrer noopener\" href=\"http:\/\/www.latticematerials.com\/\" target=\"_blank\">www.latticematerials.com<\/a>) zur Verf\u00fcgung gestellt.<\/figcaption><\/figure>\n","protected":false},"excerpt":{"rendered":"<p>Wir liefern hochwertige Silizium- und Germaniumkristalle, hergestellt im Czochralski-Verfahren. Die Eigenschaften wie elektrischer Widerstand, IR-Transmission, Kristallorientierung und Eigenspannung der Kristalle k\u00f6nnen nach Kundenanforderungen angepasst werden. Unsere Lieferm\u00f6glichkeiten Rohlinge Kundenspezifische Gr\u00f6ssen \u00d8 bis 457.2 mm Dicke bis 381 mm CNC gefertigte Teile Komplexe Geometrien Gr\u00f6ssen bis 444.5 mm Toleranzen kleiner 0.015 mm Oberfl\u00e4chenrauheit bis 16 \u00b5m [&hellip;]<\/p>\n","protected":false},"author":1,"featured_media":1422,"parent":1283,"menu_order":0,"comment_status":"closed","ping_status":"closed","template":"","meta":{"_acf_changed":false,"_seopress_robots_primary_cat":"","_seopress_titles_title":"","_seopress_titles_desc":"","_seopress_robots_index":"","footnotes":""},"hf_cat_page":[38],"class_list":["post-1297","page","type-page","status-publish","has-post-thumbnail","hentry"],"blocksy_meta":{"styles_descriptor":{"styles":{"desktop":"","tablet":"","mobile":""},"google_fonts":[],"version":6}},"acf":[],"_links":{"self":[{"href":"https:\/\/www.filtrop.com\/de\/wp-json\/wp\/v2\/pages\/1297","targetHints":{"allow":["GET"]}}],"collection":[{"href":"https:\/\/www.filtrop.com\/de\/wp-json\/wp\/v2\/pages"}],"about":[{"href":"https:\/\/www.filtrop.com\/de\/wp-json\/wp\/v2\/types\/page"}],"author":[{"embeddable":true,"href":"https:\/\/www.filtrop.com\/de\/wp-json\/wp\/v2\/users\/1"}],"replies":[{"embeddable":true,"href":"https:\/\/www.filtrop.com\/de\/wp-json\/wp\/v2\/comments?post=1297"}],"version-history":[{"count":3,"href":"https:\/\/www.filtrop.com\/de\/wp-json\/wp\/v2\/pages\/1297\/revisions"}],"predecessor-version":[{"id":3272,"href":"https:\/\/www.filtrop.com\/de\/wp-json\/wp\/v2\/pages\/1297\/revisions\/3272"}],"up":[{"embeddable":true,"href":"https:\/\/www.filtrop.com\/de\/wp-json\/wp\/v2\/pages\/1283"}],"wp:featuredmedia":[{"embeddable":true,"href":"https:\/\/www.filtrop.com\/de\/wp-json\/wp\/v2\/media\/1422"}],"wp:attachment":[{"href":"https:\/\/www.filtrop.com\/de\/wp-json\/wp\/v2\/media?parent=1297"}],"wp:term":[{"taxonomy":"hf_cat_page","embeddable":true,"href":"https:\/\/www.filtrop.com\/de\/wp-json\/wp\/v2\/hf_cat_page?post=1297"}],"curies":[{"name":"wp","href":"https:\/\/api.w.org\/{rel}","templated":true}]}}