{"id":1296,"date":"2021-10-13T13:48:39","date_gmt":"2021-10-13T11:48:39","guid":{"rendered":"https:\/\/www.filtrop.com\/produkte\/optische-rohmaterialien\/kristalle\/"},"modified":"2022-01-31T17:16:15","modified_gmt":"2022-01-31T16:16:15","slug":"kristalle","status":"publish","type":"page","link":"https:\/\/www.filtrop.com\/de\/produkte\/optische-rohmaterialien\/kristalle\/","title":{"rendered":"Hilger Kristalle"},"content":{"rendered":"\n<p><strong>Hilger Crystals produziert hochwertige synthetische Kristalle f\u00fcr die Infrarotspektroskopie sowie die R\u00f6ntgen- und Gammastrahlerkennung.<\/strong><\/p>\n\n\n\n<p>Filtrop ist Distributionspartner von Hilger Crystals.<\/p>\n\n\n\n<h2 class=\"wp-block-heading\" id=\"detektoren\">Detektoren<\/h2>\n\n\n\n<ul class=\"wp-block-list\"><li>Szintillationsdetektoren<\/li><li>Kundenspezifische Gr\u00f6sse<\/li><li>In hermetisch verschlossenen Aluminiumgeh\u00e4usen<\/li><\/ul>\n\n\n\n<h2 class=\"wp-block-heading\" id=\"szintillator-arrays\">Szintillator-Arrays<\/h2>\n\n\n\n<ul class=\"wp-block-list\"><li>1D- und 2D-Pixelarrays f\u00fcr die R\u00f6ntgenbildgebung<\/li><li>Lieferung zusammen mit PMT, CCD oder Photodiode m\u00f6glich<\/li><\/ul>\n\n\n\n<h2 class=\"wp-block-heading\" id=\"uv-und-ir-fenster\">UV- und IR-Fenster<\/h2>\n\n\n\n<ul class=\"wp-block-list\"><li>Optische Fenster aus CaF<sub>2<\/sub>, CsI, KBr, KCl, NaCl, LiF<\/li><\/ul>\n\n\n\n<h2 class=\"wp-block-heading\" id=\"kristalle\">Kristalle<\/h2>\n\n\n\n<ul class=\"wp-block-list\"><li>BGO<\/li><li>CdWO<sub>4<\/sub><\/li><li>CsI<\/li><li>CaF<sub>2<\/sub><\/li><li>CLYC<\/li><li>CaF<sub>2<\/sub>(Eu)<\/li><li>GLuGAG<\/li><li>LiF<\/li><li>LYSO(Ce)<\/li><li>KBr<\/li><li>KCl<\/li><li>KI<\/li><li>NaCl<\/li><li>CsI(Na)<\/li><li>NaI<\/li><li>CsI(Tl)<\/li><li>NaI(Tl)<\/li><li>YAG(Ce)<\/li><li>YAP(Ce)<\/li><li>ZnWO<sub>4<\/sub><\/li><\/ul>\n","protected":false},"excerpt":{"rendered":"<p>Hilger Crystals produziert hochwertige synthetische Kristalle f\u00fcr die Infrarotspektroskopie sowie die R\u00f6ntgen- und Gammastrahlerkennung. Filtrop ist Distributionspartner von Hilger Crystals. Detektoren Szintillationsdetektoren Kundenspezifische Gr\u00f6sse In hermetisch verschlossenen Aluminiumgeh\u00e4usen Szintillator-Arrays 1D- und 2D-Pixelarrays f\u00fcr die R\u00f6ntgenbildgebung Lieferung zusammen mit PMT, CCD oder Photodiode m\u00f6glich UV- und IR-Fenster Optische Fenster aus CaF2, CsI, KBr, KCl, NaCl, LiF [&hellip;]<\/p>\n","protected":false},"author":1,"featured_media":1402,"parent":1283,"menu_order":0,"comment_status":"closed","ping_status":"closed","template":"","meta":{"_acf_changed":false,"_seopress_robots_primary_cat":"","_seopress_titles_title":"","_seopress_titles_desc":"","_seopress_robots_index":"","footnotes":""},"hf_cat_page":[38],"class_list":["post-1296","page","type-page","status-publish","has-post-thumbnail","hentry"],"blocksy_meta":{"styles_descriptor":{"styles":{"desktop":"","tablet":"","mobile":""},"google_fonts":[],"version":6}},"acf":[],"_links":{"self":[{"href":"https:\/\/www.filtrop.com\/de\/wp-json\/wp\/v2\/pages\/1296","targetHints":{"allow":["GET"]}}],"collection":[{"href":"https:\/\/www.filtrop.com\/de\/wp-json\/wp\/v2\/pages"}],"about":[{"href":"https:\/\/www.filtrop.com\/de\/wp-json\/wp\/v2\/types\/page"}],"author":[{"embeddable":true,"href":"https:\/\/www.filtrop.com\/de\/wp-json\/wp\/v2\/users\/1"}],"replies":[{"embeddable":true,"href":"https:\/\/www.filtrop.com\/de\/wp-json\/wp\/v2\/comments?post=1296"}],"version-history":[{"count":3,"href":"https:\/\/www.filtrop.com\/de\/wp-json\/wp\/v2\/pages\/1296\/revisions"}],"predecessor-version":[{"id":3274,"href":"https:\/\/www.filtrop.com\/de\/wp-json\/wp\/v2\/pages\/1296\/revisions\/3274"}],"up":[{"embeddable":true,"href":"https:\/\/www.filtrop.com\/de\/wp-json\/wp\/v2\/pages\/1283"}],"wp:featuredmedia":[{"embeddable":true,"href":"https:\/\/www.filtrop.com\/de\/wp-json\/wp\/v2\/media\/1402"}],"wp:attachment":[{"href":"https:\/\/www.filtrop.com\/de\/wp-json\/wp\/v2\/media?parent=1296"}],"wp:term":[{"taxonomy":"hf_cat_page","embeddable":true,"href":"https:\/\/www.filtrop.com\/de\/wp-json\/wp\/v2\/hf_cat_page?post=1296"}],"curies":[{"name":"wp","href":"https:\/\/api.w.org\/{rel}","templated":true}]}}