{"id":1295,"date":"2021-10-13T13:48:39","date_gmt":"2021-10-13T11:48:39","guid":{"rendered":"https:\/\/www.filtrop.com\/produkte\/optische-komponenten\/technische-glaeser\/"},"modified":"2022-01-31T17:15:03","modified_gmt":"2022-01-31T16:15:03","slug":"technische-glaeser","status":"publish","type":"page","link":"https:\/\/www.filtrop.com\/de\/produkte\/optische-komponenten\/technische-glaeser\/","title":{"rendered":"Technische Gl\u00e4ser"},"content":{"rendered":"\n<p>Wir liefern technische Gl\u00e4ser aus vielen g\u00e4ngigen Materialien.<\/p>\n\n\n\n<h2 class=\"wp-block-heading\" id=\"diverse-glassorten-wie\">Diverse Glassorten wie<\/h2>\n\n\n\n<ul class=\"wp-block-list\"><li>Synthetisches Quarzglas<\/li><li>Natronkalkgl\u00e4ser<\/li><li>Borosilikatgl\u00e4ser<\/li><li>Aluminiumsilikatgl\u00e4ser<\/li><\/ul>\n\n\n\n<h2 class=\"wp-block-heading\" id=\"glaskeramiken-wie\">Glaskeramiken wie<\/h2>\n\n\n\n<ul class=\"wp-block-list\"><li>Macor<\/li><li>Shapal Hi Msoft<\/li><li>Zerodur<\/li><\/ul>\n\n\n\n<h2 class=\"wp-block-heading\" id=\"bearbeitungsmoglichkeiten\">Bearbeitungsm\u00f6glichkeiten<\/h2>\n\n\n\n<ul class=\"wp-block-list\"><li>Polieren<\/li><li>Facettieren<\/li><li>Mattieren<\/li><li>Verkitten<\/li><li>Beschichten<\/li><\/ul>\n\n\n\n<h2 class=\"wp-block-heading\" id=\"unser-angebot-umfasst\">Unser Angebot umfasst:<\/h2>\n\n\n\n<ul class=\"wp-block-list\"><li>Diverse Planoptiken<\/li><li>Diffusoren<\/li><li>Fenster<\/li><li>Abschlussgl\u00e4ser<\/li><li>Blenden<\/li><\/ul>\n\n\n\n<h2 class=\"wp-block-heading\" id=\"anwendungen\">Anwendungen<\/h2>\n\n\n\n<ul class=\"wp-block-list\"><li>Medizintechnik<\/li><li>Labordiagnostik<\/li><li>Chemische Analytik<\/li><li>Displays<\/li><li>Maschinenbau<\/li><\/ul>\n","protected":false},"excerpt":{"rendered":"<p>Wir liefern technische Gl\u00e4ser aus vielen g\u00e4ngigen Materialien. Diverse Glassorten wie Synthetisches Quarzglas Natronkalkgl\u00e4ser Borosilikatgl\u00e4ser Aluminiumsilikatgl\u00e4ser Glaskeramiken wie Macor Shapal Hi Msoft Zerodur Bearbeitungsm\u00f6glichkeiten Polieren Facettieren Mattieren Verkitten Beschichten Unser Angebot umfasst: Diverse Planoptiken Diffusoren Fenster Abschlussgl\u00e4ser Blenden Anwendungen Medizintechnik Labordiagnostik Chemische Analytik Displays Maschinenbau<\/p>\n","protected":false},"author":1,"featured_media":1429,"parent":1282,"menu_order":0,"comment_status":"closed","ping_status":"closed","template":"","meta":{"_acf_changed":false,"_seopress_robots_primary_cat":"","_seopress_titles_title":"","_seopress_titles_desc":"","_seopress_robots_index":"","footnotes":""},"hf_cat_page":[38],"class_list":["post-1295","page","type-page","status-publish","has-post-thumbnail","hentry"],"blocksy_meta":{"styles_descriptor":{"styles":{"desktop":"","tablet":"","mobile":""},"google_fonts":[],"version":6}},"acf":[],"_links":{"self":[{"href":"https:\/\/www.filtrop.com\/de\/wp-json\/wp\/v2\/pages\/1295","targetHints":{"allow":["GET"]}}],"collection":[{"href":"https:\/\/www.filtrop.com\/de\/wp-json\/wp\/v2\/pages"}],"about":[{"href":"https:\/\/www.filtrop.com\/de\/wp-json\/wp\/v2\/types\/page"}],"author":[{"embeddable":true,"href":"https:\/\/www.filtrop.com\/de\/wp-json\/wp\/v2\/users\/1"}],"replies":[{"embeddable":true,"href":"https:\/\/www.filtrop.com\/de\/wp-json\/wp\/v2\/comments?post=1295"}],"version-history":[{"count":2,"href":"https:\/\/www.filtrop.com\/de\/wp-json\/wp\/v2\/pages\/1295\/revisions"}],"predecessor-version":[{"id":3261,"href":"https:\/\/www.filtrop.com\/de\/wp-json\/wp\/v2\/pages\/1295\/revisions\/3261"}],"up":[{"embeddable":true,"href":"https:\/\/www.filtrop.com\/de\/wp-json\/wp\/v2\/pages\/1282"}],"wp:featuredmedia":[{"embeddable":true,"href":"https:\/\/www.filtrop.com\/de\/wp-json\/wp\/v2\/media\/1429"}],"wp:attachment":[{"href":"https:\/\/www.filtrop.com\/de\/wp-json\/wp\/v2\/media?parent=1295"}],"wp:term":[{"taxonomy":"hf_cat_page","embeddable":true,"href":"https:\/\/www.filtrop.com\/de\/wp-json\/wp\/v2\/hf_cat_page?post=1295"}],"curies":[{"name":"wp","href":"https:\/\/api.w.org\/{rel}","templated":true}]}}