{"id":1294,"date":"2021-10-13T13:48:39","date_gmt":"2021-10-13T11:48:39","guid":{"rendered":"https:\/\/www.filtrop.com\/produkte\/optische-komponenten\/replikaoptik\/"},"modified":"2021-10-13T17:16:37","modified_gmt":"2021-10-13T15:16:37","slug":"replikaoptik","status":"publish","type":"page","link":"https:\/\/www.filtrop.com\/de\/produkte\/optische-komponenten\/replikaoptik\/","title":{"rendered":"Replikaoptik"},"content":{"rendered":"\n<p><strong>Die Replika-Technologie bietet ein komplettes Spektrum an L\u00f6sungen f\u00fcr die Strahlumlenkung mit reflektierenden Optiken.<\/strong><\/p>\n\n\n\n<p>Diese Technologie erm\u00f6glicht es, replizierte Spiegel in grossen Mengen mit vielen w\u00fcnschenswerten Eigenschaften herzustellen, die von der Glasoptik nicht abgedeckt werden k\u00f6nnen.<\/p>\n\n\n\n<h2 class=\"wp-block-heading\"><strong>Eigenschaften<\/strong><\/h2>\n\n\n\n<ul class=\"wp-block-list\"><li>Un\u00fcbertroffene Wiederholgenauigkeit f\u00fcr die Serienfertigung von Spiegeln, da jeder Spiegel eine exakte Kopie des Masters ist<\/li><li>Die monolithische Beschaffenheit beseitigt Temperaturstabilit\u00e4tsprobleme.<\/li><li>Integration von Montagemerkmalen in die replizierten Spiegel m\u00f6glich<\/li><li>M\u00f6glichkeiten f\u00fcr einzigartige Formen und Geometrien sind nahezu unbegrenzt<\/li><\/ul>\n\n\n\n<h2 class=\"wp-block-heading\"><strong>Materialien<\/strong><\/h2>\n\n\n\n<p>Aluminium, Beryllium, Fused Silica, Graphit expoxy, Aluminiumoxid, Silizium, Siliziumkarbid, Titan, Miralloy, rostfreier Stahl<\/p>\n\n\n\n<h2 class=\"wp-block-heading\">Optische Beschichtungen<\/h2>\n\n\n\n<ul class=\"wp-block-list\"><li>Gold<\/li><li>Silber u.a.<\/li><\/ul>\n","protected":false},"excerpt":{"rendered":"<p>Die Replika-Technologie bietet ein komplettes Spektrum an L\u00f6sungen f\u00fcr die Strahlumlenkung mit reflektierenden Optiken. Diese Technologie erm\u00f6glicht es, replizierte Spiegel in grossen Mengen mit vielen w\u00fcnschenswerten Eigenschaften herzustellen, die von der Glasoptik nicht abgedeckt werden k\u00f6nnen. Eigenschaften Un\u00fcbertroffene Wiederholgenauigkeit f\u00fcr die Serienfertigung von Spiegeln, da jeder Spiegel eine exakte Kopie des Masters ist Die monolithische [&hellip;]<\/p>\n","protected":false},"author":1,"featured_media":0,"parent":1282,"menu_order":0,"comment_status":"closed","ping_status":"closed","template":"","meta":{"_acf_changed":false,"_seopress_robots_primary_cat":"","_seopress_titles_title":"","_seopress_titles_desc":"","_seopress_robots_index":"","footnotes":""},"hf_cat_page":[38],"class_list":["post-1294","page","type-page","status-publish","hentry"],"blocksy_meta":{"styles_descriptor":{"styles":{"desktop":"","tablet":"","mobile":""},"google_fonts":[],"version":6}},"acf":[],"_links":{"self":[{"href":"https:\/\/www.filtrop.com\/de\/wp-json\/wp\/v2\/pages\/1294","targetHints":{"allow":["GET"]}}],"collection":[{"href":"https:\/\/www.filtrop.com\/de\/wp-json\/wp\/v2\/pages"}],"about":[{"href":"https:\/\/www.filtrop.com\/de\/wp-json\/wp\/v2\/types\/page"}],"author":[{"embeddable":true,"href":"https:\/\/www.filtrop.com\/de\/wp-json\/wp\/v2\/users\/1"}],"replies":[{"embeddable":true,"href":"https:\/\/www.filtrop.com\/de\/wp-json\/wp\/v2\/comments?post=1294"}],"version-history":[{"count":0,"href":"https:\/\/www.filtrop.com\/de\/wp-json\/wp\/v2\/pages\/1294\/revisions"}],"up":[{"embeddable":true,"href":"https:\/\/www.filtrop.com\/de\/wp-json\/wp\/v2\/pages\/1282"}],"wp:attachment":[{"href":"https:\/\/www.filtrop.com\/de\/wp-json\/wp\/v2\/media?parent=1294"}],"wp:term":[{"taxonomy":"hf_cat_page","embeddable":true,"href":"https:\/\/www.filtrop.com\/de\/wp-json\/wp\/v2\/hf_cat_page?post=1294"}],"curies":[{"name":"wp","href":"https:\/\/api.w.org\/{rel}","templated":true}]}}