{"id":1291,"date":"2021-10-13T13:48:39","date_gmt":"2021-10-13T11:48:39","guid":{"rendered":"https:\/\/www.filtrop.com\/produkte\/optische-filter\/graufilter\/"},"modified":"2022-01-31T17:09:05","modified_gmt":"2022-01-31T16:09:05","slug":"graufilter","status":"publish","type":"page","link":"https:\/\/www.filtrop.com\/de\/produkte\/optische-filter\/graufilter\/","title":{"rendered":"Graufilter"},"content":{"rendered":"\n<p>Auf ein Tr\u00e4germaterial aus optisch poliertem Glas oder Quarz wird unter Hochvakuum eine d\u00fcnne Metallschicht so aufgedampft, dass ein Teil des einfallenden Lichtes durchgelassen, ein Teil reflektiert, der Rest aber durch die Metallschicht absorbiert wird.<\/p>\n\n\n\n<p>Durch gezielte \u00c4nderung der Aufdampfparameter entstehen Graufilter mit unterschiedlichsten Durchl\u00e4ssigkeits-Werten.<\/p>\n\n\n\n<p>Die Einstufung der Graufilter erfolgt aufgrund der Durchl\u00e4ssigkeit bzw. der optischen Dichte des Filters.<\/p>\n","protected":false},"excerpt":{"rendered":"<p>Auf ein Tr\u00e4germaterial aus optisch poliertem Glas oder Quarz wird unter Hochvakuum eine d\u00fcnne Metallschicht so aufgedampft, dass ein Teil des einfallenden Lichtes durchgelassen, ein Teil reflektiert, der Rest aber durch die Metallschicht absorbiert wird. Durch gezielte \u00c4nderung der Aufdampfparameter entstehen Graufilter mit unterschiedlichsten Durchl\u00e4ssigkeits-Werten. Die Einstufung der Graufilter erfolgt aufgrund der Durchl\u00e4ssigkeit bzw. der [&hellip;]<\/p>\n","protected":false},"author":1,"featured_media":1398,"parent":1281,"menu_order":0,"comment_status":"closed","ping_status":"closed","template":"","meta":{"_acf_changed":false,"_seopress_robots_primary_cat":"","_seopress_titles_title":"Optische Graufilter | Filtrop AG","_seopress_titles_desc":"Graufilter f\u00fcr OEM Anwendungen kaufen \u2714Kundenspezifische Spezifikationen \u2714thermisch hoch belastbar \u2714dichte Schichten \u2714lange Lebensdauer \u25b6 mehr erfahren!","_seopress_robots_index":"","footnotes":""},"hf_cat_page":[38],"class_list":["post-1291","page","type-page","status-publish","has-post-thumbnail","hentry"],"blocksy_meta":{"styles_descriptor":{"styles":{"desktop":"","tablet":"","mobile":""},"google_fonts":[],"version":6}},"acf":[],"_links":{"self":[{"href":"https:\/\/www.filtrop.com\/de\/wp-json\/wp\/v2\/pages\/1291","targetHints":{"allow":["GET"]}}],"collection":[{"href":"https:\/\/www.filtrop.com\/de\/wp-json\/wp\/v2\/pages"}],"about":[{"href":"https:\/\/www.filtrop.com\/de\/wp-json\/wp\/v2\/types\/page"}],"author":[{"embeddable":true,"href":"https:\/\/www.filtrop.com\/de\/wp-json\/wp\/v2\/users\/1"}],"replies":[{"embeddable":true,"href":"https:\/\/www.filtrop.com\/de\/wp-json\/wp\/v2\/comments?post=1291"}],"version-history":[{"count":2,"href":"https:\/\/www.filtrop.com\/de\/wp-json\/wp\/v2\/pages\/1291\/revisions"}],"predecessor-version":[{"id":3231,"href":"https:\/\/www.filtrop.com\/de\/wp-json\/wp\/v2\/pages\/1291\/revisions\/3231"}],"up":[{"embeddable":true,"href":"https:\/\/www.filtrop.com\/de\/wp-json\/wp\/v2\/pages\/1281"}],"wp:featuredmedia":[{"embeddable":true,"href":"https:\/\/www.filtrop.com\/de\/wp-json\/wp\/v2\/media\/1398"}],"wp:attachment":[{"href":"https:\/\/www.filtrop.com\/de\/wp-json\/wp\/v2\/media?parent=1291"}],"wp:term":[{"taxonomy":"hf_cat_page","embeddable":true,"href":"https:\/\/www.filtrop.com\/de\/wp-json\/wp\/v2\/hf_cat_page?post=1291"}],"curies":[{"name":"wp","href":"https:\/\/api.w.org\/{rel}","templated":true}]}}