{"id":1290,"date":"2021-10-13T13:48:39","date_gmt":"2021-10-13T11:48:39","guid":{"rendered":"https:\/\/www.filtrop.com\/produkte\/optische-filter\/fluoreszenzfilter\/"},"modified":"2022-01-31T17:08:15","modified_gmt":"2022-01-31T16:08:15","slug":"fluoreszenzfilter","status":"publish","type":"page","link":"https:\/\/www.filtrop.com\/de\/produkte\/optische-filter\/fluoreszenzfilter\/","title":{"rendered":"Fluoreszenzfilter"},"content":{"rendered":"\n<p><strong>F\u00fcr fluoreszenzoptische Untersuchungen werden spezielle Filter ben\u00f6tigt, die den Absorptionsbereich vom Emissionsbereich des jeweiligen Fluoreszenzfarbstoffes spektral sauber trennen.<\/strong><\/p>\n\n\n\n<p>Ein Anregungsfilter l\u00e4sst somit nur die Wellenl\u00e4ngen durch, die zur Anregung des Farbstoffes Verwendung finden und sperrt den Wellenbereich der Emission m\u00f6glichst vollst\u00e4ndig.<\/p>\n\n\n\n<p>Das Umgekehrte wird durch das Beobachtungsfilter bewerkstelligt. Die spektrale Trennung wird in beiden F\u00e4llen durch sehr steile Kanten und eine ausserordentlich hohe Blockung erreicht.<\/p>\n\n\n\n<p>Das Fluoreszenzfilter kann im Set gekauft werden.<\/p>\n","protected":false},"excerpt":{"rendered":"<p>F\u00fcr fluoreszenzoptische Untersuchungen werden spezielle Filter ben\u00f6tigt, die den Absorptionsbereich vom Emissionsbereich des jeweiligen Fluoreszenzfarbstoffes spektral sauber trennen. Ein Anregungsfilter l\u00e4sst somit nur die Wellenl\u00e4ngen durch, die zur Anregung des Farbstoffes Verwendung finden und sperrt den Wellenbereich der Emission m\u00f6glichst vollst\u00e4ndig. Das Umgekehrte wird durch das Beobachtungsfilter bewerkstelligt. Die spektrale Trennung wird in beiden F\u00e4llen [&hellip;]<\/p>\n","protected":false},"author":1,"featured_media":1397,"parent":1281,"menu_order":0,"comment_status":"closed","ping_status":"closed","template":"","meta":{"_acf_changed":false,"_seopress_robots_primary_cat":"","_seopress_titles_title":"Hersteller von Fluoreszenzfilter | Filtrop AG","_seopress_titles_desc":"Fluoreszenzfilter f\u00fcr OEM Anwendungen kaufen \u2714h\u00f6chste Transmission \u2714hervorragende Blockung \u2714Langzeitstabilit\u00e4t \u25b6 jetzt bestellen!","_seopress_robots_index":"","footnotes":""},"hf_cat_page":[38],"class_list":["post-1290","page","type-page","status-publish","has-post-thumbnail","hentry"],"blocksy_meta":{"styles_descriptor":{"styles":{"desktop":"","tablet":"","mobile":""},"google_fonts":[],"version":6}},"acf":[],"_links":{"self":[{"href":"https:\/\/www.filtrop.com\/de\/wp-json\/wp\/v2\/pages\/1290","targetHints":{"allow":["GET"]}}],"collection":[{"href":"https:\/\/www.filtrop.com\/de\/wp-json\/wp\/v2\/pages"}],"about":[{"href":"https:\/\/www.filtrop.com\/de\/wp-json\/wp\/v2\/types\/page"}],"author":[{"embeddable":true,"href":"https:\/\/www.filtrop.com\/de\/wp-json\/wp\/v2\/users\/1"}],"replies":[{"embeddable":true,"href":"https:\/\/www.filtrop.com\/de\/wp-json\/wp\/v2\/comments?post=1290"}],"version-history":[{"count":2,"href":"https:\/\/www.filtrop.com\/de\/wp-json\/wp\/v2\/pages\/1290\/revisions"}],"predecessor-version":[{"id":3227,"href":"https:\/\/www.filtrop.com\/de\/wp-json\/wp\/v2\/pages\/1290\/revisions\/3227"}],"up":[{"embeddable":true,"href":"https:\/\/www.filtrop.com\/de\/wp-json\/wp\/v2\/pages\/1281"}],"wp:featuredmedia":[{"embeddable":true,"href":"https:\/\/www.filtrop.com\/de\/wp-json\/wp\/v2\/media\/1397"}],"wp:attachment":[{"href":"https:\/\/www.filtrop.com\/de\/wp-json\/wp\/v2\/media?parent=1290"}],"wp:term":[{"taxonomy":"hf_cat_page","embeddable":true,"href":"https:\/\/www.filtrop.com\/de\/wp-json\/wp\/v2\/hf_cat_page?post=1290"}],"curies":[{"name":"wp","href":"https:\/\/api.w.org\/{rel}","templated":true}]}}