{"id":1289,"date":"2021-10-13T13:48:39","date_gmt":"2021-10-13T11:48:39","guid":{"rendered":"https:\/\/www.filtrop.com\/produkte\/optische-filter\/biomedizinische-bandpassfilter\/"},"modified":"2022-01-31T17:07:05","modified_gmt":"2022-01-31T16:07:05","slug":"biomedizinische-bandpassfilter","status":"publish","type":"page","link":"https:\/\/www.filtrop.com\/de\/produkte\/optische-filter\/biomedizinische-bandpassfilter\/","title":{"rendered":"Biomedizinische Bandpassfilter"},"content":{"rendered":"\n<p><strong>Die biomedizinischen Bandpassfilter werden bei allen g\u00e4ngigen Wellenl\u00e4ngen angeboten, die f\u00fcr die absorptions-spektrometrische, klinisch-chemische Instrumentierung verwendet werden.<\/strong><\/p>\n","protected":false},"excerpt":{"rendered":"<p>Die biomedizinischen Bandpassfilter werden bei allen g\u00e4ngigen Wellenl\u00e4ngen angeboten, die f\u00fcr die absorptions-spektrometrische, klinisch-chemische Instrumentierung verwendet werden.<\/p>\n","protected":false},"author":1,"featured_media":1390,"parent":1281,"menu_order":0,"comment_status":"closed","ping_status":"closed","template":"","meta":{"_acf_changed":false,"_seopress_robots_primary_cat":"","_seopress_titles_title":"Biomedizinische Bandpassfilter Produzent | Filtrop AG","_seopress_titles_desc":"Hochwertige biomedizinische Bandpassfilter bestellen \u2714340mm bis 880mm \u2714harte, dielektrische Oxid-Schicht \u2714h\u00f6chste Qualit\u00e4t \u25b6 hier ansehen!","_seopress_robots_index":"","footnotes":""},"hf_cat_page":[38],"class_list":["post-1289","page","type-page","status-publish","has-post-thumbnail","hentry"],"blocksy_meta":{"styles_descriptor":{"styles":{"desktop":"","tablet":"","mobile":""},"google_fonts":[],"version":6}},"acf":[],"_links":{"self":[{"href":"https:\/\/www.filtrop.com\/de\/wp-json\/wp\/v2\/pages\/1289","targetHints":{"allow":["GET"]}}],"collection":[{"href":"https:\/\/www.filtrop.com\/de\/wp-json\/wp\/v2\/pages"}],"about":[{"href":"https:\/\/www.filtrop.com\/de\/wp-json\/wp\/v2\/types\/page"}],"author":[{"embeddable":true,"href":"https:\/\/www.filtrop.com\/de\/wp-json\/wp\/v2\/users\/1"}],"replies":[{"embeddable":true,"href":"https:\/\/www.filtrop.com\/de\/wp-json\/wp\/v2\/comments?post=1289"}],"version-history":[{"count":2,"href":"https:\/\/www.filtrop.com\/de\/wp-json\/wp\/v2\/pages\/1289\/revisions"}],"predecessor-version":[{"id":3223,"href":"https:\/\/www.filtrop.com\/de\/wp-json\/wp\/v2\/pages\/1289\/revisions\/3223"}],"up":[{"embeddable":true,"href":"https:\/\/www.filtrop.com\/de\/wp-json\/wp\/v2\/pages\/1281"}],"wp:featuredmedia":[{"embeddable":true,"href":"https:\/\/www.filtrop.com\/de\/wp-json\/wp\/v2\/media\/1390"}],"wp:attachment":[{"href":"https:\/\/www.filtrop.com\/de\/wp-json\/wp\/v2\/media?parent=1289"}],"wp:term":[{"taxonomy":"hf_cat_page","embeddable":true,"href":"https:\/\/www.filtrop.com\/de\/wp-json\/wp\/v2\/hf_cat_page?post=1289"}],"curies":[{"name":"wp","href":"https:\/\/api.w.org\/{rel}","templated":true}]}}