{"id":1288,"date":"2021-10-13T13:48:39","date_gmt":"2021-10-13T11:48:39","guid":{"rendered":"https:\/\/www.filtrop.com\/produkte\/optische-filter\/bandpassfilter\/"},"modified":"2022-01-31T17:04:59","modified_gmt":"2022-01-31T16:04:59","slug":"bandpassfilter","status":"publish","type":"page","link":"https:\/\/www.filtrop.com\/de\/produkte\/optische-filter\/bandpassfilter\/","title":{"rendered":"Bandpassfilter"},"content":{"rendered":"\n<p><strong>Bandpassfilter sind gekennzeichnet durch einen Bereich mit hohem Durchlass, der im anschliessenden langwelligen- und kurzwelligen Spektralbereich abgeblockt ist.<\/strong><\/p>\n\n\n\n<p>Abh\u00e4ngig von der spektralen Breite des Durchlasses unterscheidet man zwischen Breitband- und Schmalband-Filtern.<\/p>\n\n\n\n<p>Bandpassfilter k\u00f6nnen mit einer Vielzahl von Eigenschaften hergestellt werden.<\/p>\n\n\n\n<p>Zum Beispiel:<\/p>\n\n\n\n<ul class=\"wp-block-list\"><li>Einfache Fabry-Perot-Konstruktion mit einer einzigen Kavit\u00e4t und ohne Blockung<\/li><li>Komplexeren, dielektrischen Konstruktionen mit hoher Blockung und mehreren Kavit\u00e4ten auf einem einzigen Substrat reichen<\/li><\/ul>\n","protected":false},"excerpt":{"rendered":"<p>Bandpassfilter sind gekennzeichnet durch einen Bereich mit hohem Durchlass, der im anschliessenden langwelligen- und kurzwelligen Spektralbereich abgeblockt ist. Abh\u00e4ngig von der spektralen Breite des Durchlasses unterscheidet man zwischen Breitband- und Schmalband-Filtern. Bandpassfilter k\u00f6nnen mit einer Vielzahl von Eigenschaften hergestellt werden. Zum Beispiel: Einfache Fabry-Perot-Konstruktion mit einer einzigen Kavit\u00e4t und ohne Blockung Komplexeren, dielektrischen Konstruktionen mit [&hellip;]<\/p>\n","protected":false},"author":1,"featured_media":1387,"parent":1281,"menu_order":0,"comment_status":"closed","ping_status":"closed","template":"","meta":{"_acf_changed":false,"_seopress_robots_primary_cat":"","_seopress_titles_title":"Bandpassfilter Hersteller | Gro\u00dfe Auswahl bei Filtrop AG","_seopress_titles_desc":"Hochwertige Bandpassfilter mit h\u00f6chstm\u00f6glicher Transmission bestellen \u2714viele Anwendungsbereiche \u2714verschiedene Bandbreiten \u2714h\u00f6chste Qualit\u00e4t \u25b6 mehr erfahren!","_seopress_robots_index":"","footnotes":""},"hf_cat_page":[38],"class_list":["post-1288","page","type-page","status-publish","has-post-thumbnail","hentry"],"blocksy_meta":{"styles_descriptor":{"styles":{"desktop":"","tablet":"","mobile":""},"google_fonts":[],"version":6}},"acf":[],"_links":{"self":[{"href":"https:\/\/www.filtrop.com\/de\/wp-json\/wp\/v2\/pages\/1288","targetHints":{"allow":["GET"]}}],"collection":[{"href":"https:\/\/www.filtrop.com\/de\/wp-json\/wp\/v2\/pages"}],"about":[{"href":"https:\/\/www.filtrop.com\/de\/wp-json\/wp\/v2\/types\/page"}],"author":[{"embeddable":true,"href":"https:\/\/www.filtrop.com\/de\/wp-json\/wp\/v2\/users\/1"}],"replies":[{"embeddable":true,"href":"https:\/\/www.filtrop.com\/de\/wp-json\/wp\/v2\/comments?post=1288"}],"version-history":[{"count":2,"href":"https:\/\/www.filtrop.com\/de\/wp-json\/wp\/v2\/pages\/1288\/revisions"}],"predecessor-version":[{"id":3219,"href":"https:\/\/www.filtrop.com\/de\/wp-json\/wp\/v2\/pages\/1288\/revisions\/3219"}],"up":[{"embeddable":true,"href":"https:\/\/www.filtrop.com\/de\/wp-json\/wp\/v2\/pages\/1281"}],"wp:featuredmedia":[{"embeddable":true,"href":"https:\/\/www.filtrop.com\/de\/wp-json\/wp\/v2\/media\/1387"}],"wp:attachment":[{"href":"https:\/\/www.filtrop.com\/de\/wp-json\/wp\/v2\/media?parent=1288"}],"wp:term":[{"taxonomy":"hf_cat_page","embeddable":true,"href":"https:\/\/www.filtrop.com\/de\/wp-json\/wp\/v2\/hf_cat_page?post=1288"}],"curies":[{"name":"wp","href":"https:\/\/api.w.org\/{rel}","templated":true}]}}