{"id":1285,"date":"2021-10-13T13:48:39","date_gmt":"2021-10-13T11:48:39","guid":{"rendered":"https:\/\/www.filtrop.com\/produkte\/photodioden\/"},"modified":"2022-01-31T17:16:18","modified_gmt":"2022-01-31T16:16:18","slug":"photodioden","status":"publish","type":"page","link":"https:\/\/www.filtrop.com\/de\/produkte\/photodioden\/","title":{"rendered":"Photodioden"},"content":{"rendered":"\n<p><strong>Filtrop bietet komplette L\u00f6sungen f\u00fcr Si-, InGaAs- und GaAs-Photodioden. Unser Angebot umfasst sowohl Standardprodukte als auch kundenspezifische L\u00f6sungen f\u00fcr OEM-Anwendungen.<\/strong><\/p>\n\n\n\n<p>Als Besonderheit offerieren wir die Fenster der Photodioden auf Wunsch aus einem speziellen Glas wie Quarz und mit einer Beschichtung wie Bandpassfilter oder Antireflex-Schichten.<\/p>\n\n\n\n<h2 class=\"wp-block-heading\" id=\"anwendungsbereiche\">Anwendungsbereiche<\/h2>\n\n\n\n<ul class=\"wp-block-list\"><li>Silizium: 200 \u2013 1\u2019100 nm<\/li><li>InGaAs: 800 \u2013 1\u2019700 nm<\/li><li>GaAs: 400 \u2013 850 nm<\/li><\/ul>\n\n\n\n<h2 class=\"wp-block-heading\" id=\"produkte\"><strong>Produkte<\/strong><\/h2>\n\n\n\n<ul class=\"wp-block-list\"><li>Hochgeschwindigkeits-Photodioden<\/li><li>Avalanche-Photodioden<\/li><li>Optimierte Photodioden (UV, 1\u2019064 nm etc.)<\/li><li>R\u00f6ntgenstrahlendetektoren<\/li><li>Photodioden-Arrays<\/li><li>Photodioden mit Verst\u00e4rkern<\/li><li>Photodioden mit optischen Filtern<\/li><li>Chip-Photodioden<\/li><li>Kunststoffgekapselte Photodioden<\/li><\/ul>\n","protected":false},"excerpt":{"rendered":"<p>Filtrop bietet komplette L\u00f6sungen f\u00fcr Si-, InGaAs- und GaAs-Photodioden. Unser Angebot umfasst sowohl Standardprodukte als auch kundenspezifische L\u00f6sungen f\u00fcr OEM-Anwendungen. Als Besonderheit offerieren wir die Fenster der Photodioden auf Wunsch aus einem speziellen Glas wie Quarz und mit einer Beschichtung wie Bandpassfilter oder Antireflex-Schichten. Anwendungsbereiche Silizium: 200 \u2013 1\u2019100 nm InGaAs: 800 \u2013 1\u2019700 nm [&hellip;]<\/p>\n","protected":false},"author":1,"featured_media":1415,"parent":1272,"menu_order":0,"comment_status":"closed","ping_status":"closed","template":"","meta":{"_acf_changed":false,"_seopress_robots_primary_cat":"","_seopress_titles_title":"","_seopress_titles_desc":"","_seopress_robots_index":"","footnotes":""},"hf_cat_page":[38],"class_list":["post-1285","page","type-page","status-publish","has-post-thumbnail","hentry"],"blocksy_meta":{"styles_descriptor":{"styles":{"desktop":"","tablet":"","mobile":""},"google_fonts":[],"version":6}},"acf":[],"_links":{"self":[{"href":"https:\/\/www.filtrop.com\/de\/wp-json\/wp\/v2\/pages\/1285","targetHints":{"allow":["GET"]}}],"collection":[{"href":"https:\/\/www.filtrop.com\/de\/wp-json\/wp\/v2\/pages"}],"about":[{"href":"https:\/\/www.filtrop.com\/de\/wp-json\/wp\/v2\/types\/page"}],"author":[{"embeddable":true,"href":"https:\/\/www.filtrop.com\/de\/wp-json\/wp\/v2\/users\/1"}],"replies":[{"embeddable":true,"href":"https:\/\/www.filtrop.com\/de\/wp-json\/wp\/v2\/comments?post=1285"}],"version-history":[{"count":2,"href":"https:\/\/www.filtrop.com\/de\/wp-json\/wp\/v2\/pages\/1285\/revisions"}],"predecessor-version":[{"id":3276,"href":"https:\/\/www.filtrop.com\/de\/wp-json\/wp\/v2\/pages\/1285\/revisions\/3276"}],"up":[{"embeddable":true,"href":"https:\/\/www.filtrop.com\/de\/wp-json\/wp\/v2\/pages\/1272"}],"wp:featuredmedia":[{"embeddable":true,"href":"https:\/\/www.filtrop.com\/de\/wp-json\/wp\/v2\/media\/1415"}],"wp:attachment":[{"href":"https:\/\/www.filtrop.com\/de\/wp-json\/wp\/v2\/media?parent=1285"}],"wp:term":[{"taxonomy":"hf_cat_page","embeddable":true,"href":"https:\/\/www.filtrop.com\/de\/wp-json\/wp\/v2\/hf_cat_page?post=1285"}],"curies":[{"name":"wp","href":"https:\/\/api.w.org\/{rel}","templated":true}]}}