{"id":1284,"date":"2021-10-13T13:48:39","date_gmt":"2021-10-13T11:48:39","guid":{"rendered":"https:\/\/www.filtrop.com\/produkte\/optische-spiegel\/"},"modified":"2024-02-06T08:47:26","modified_gmt":"2024-02-06T07:47:26","slug":"optische-spiegel","status":"publish","type":"page","link":"https:\/\/www.filtrop.com\/de\/produkte\/optische-spiegel\/","title":{"rendered":"Optische Spiegel"},"content":{"rendered":"\n<p><strong>Oberfl\u00e4chenbeschichtungen mit hoher Reflexion werden allgemein mit Metallen oder mit dielektrischen D\u00fcnnschicht-Interferenzsystemen und auch durch Kombination Metall\/Dielektrikum hergestellt.<\/strong><\/p>\n\n\n\n<p>Spiegel f\u00fcr wissenschaftlich-technische Applikationen sind immer Oberfl\u00e4chenspiegel.<\/p>\n\n\n\n<p>Metallische und dielektrische Spiegel unterscheiden sich u. a. in der H\u00f6he ihres Reflexionsverm\u00f6gens und in dessen spektraler Breite, aber auch in der H\u00e4rte, Abriebfestigkeit, Laserbelastung usw.<\/p>\n","protected":false},"excerpt":{"rendered":"<p>Oberfl\u00e4chenbeschichtungen mit hoher Reflexion werden allgemein mit Metallen oder mit dielektrischen D\u00fcnnschicht-Interferenzsystemen und auch durch Kombination Metall\/Dielektrikum hergestellt. Spiegel f\u00fcr wissenschaftlich-technische Applikationen sind immer Oberfl\u00e4chenspiegel. Metallische und dielektrische Spiegel unterscheiden sich u. a. in der H\u00f6he ihres Reflexionsverm\u00f6gens und in dessen spektraler Breite, aber auch in der H\u00e4rte, Abriebfestigkeit, Laserbelastung usw.<\/p>\n","protected":false},"author":1,"featured_media":1412,"parent":1272,"menu_order":0,"comment_status":"closed","ping_status":"closed","template":"","meta":{"_acf_changed":false,"_seopress_robots_primary_cat":"","_seopress_titles_title":"","_seopress_titles_desc":"","_seopress_robots_index":"","footnotes":""},"hf_cat_page":[38],"class_list":["post-1284","page","type-page","status-publish","has-post-thumbnail","hentry"],"blocksy_meta":{"styles_descriptor":{"styles":{"desktop":"","tablet":"","mobile":""},"google_fonts":[],"version":6}},"acf":[],"_links":{"self":[{"href":"https:\/\/www.filtrop.com\/de\/wp-json\/wp\/v2\/pages\/1284","targetHints":{"allow":["GET"]}}],"collection":[{"href":"https:\/\/www.filtrop.com\/de\/wp-json\/wp\/v2\/pages"}],"about":[{"href":"https:\/\/www.filtrop.com\/de\/wp-json\/wp\/v2\/types\/page"}],"author":[{"embeddable":true,"href":"https:\/\/www.filtrop.com\/de\/wp-json\/wp\/v2\/users\/1"}],"replies":[{"embeddable":true,"href":"https:\/\/www.filtrop.com\/de\/wp-json\/wp\/v2\/comments?post=1284"}],"version-history":[{"count":2,"href":"https:\/\/www.filtrop.com\/de\/wp-json\/wp\/v2\/pages\/1284\/revisions"}],"predecessor-version":[{"id":4035,"href":"https:\/\/www.filtrop.com\/de\/wp-json\/wp\/v2\/pages\/1284\/revisions\/4035"}],"up":[{"embeddable":true,"href":"https:\/\/www.filtrop.com\/de\/wp-json\/wp\/v2\/pages\/1272"}],"wp:featuredmedia":[{"embeddable":true,"href":"https:\/\/www.filtrop.com\/de\/wp-json\/wp\/v2\/media\/1412"}],"wp:attachment":[{"href":"https:\/\/www.filtrop.com\/de\/wp-json\/wp\/v2\/media?parent=1284"}],"wp:term":[{"taxonomy":"hf_cat_page","embeddable":true,"href":"https:\/\/www.filtrop.com\/de\/wp-json\/wp\/v2\/hf_cat_page?post=1284"}],"curies":[{"name":"wp","href":"https:\/\/api.w.org\/{rel}","templated":true}]}}