{"id":1282,"date":"2021-10-13T13:48:39","date_gmt":"2021-10-13T11:48:39","guid":{"rendered":"https:\/\/www.filtrop.com\/produkte\/optische-komponenten\/"},"modified":"2024-02-05T14:51:54","modified_gmt":"2024-02-05T13:51:54","slug":"optische-komponenten","status":"publish","type":"page","link":"https:\/\/www.filtrop.com\/de\/produkte\/optische-komponenten\/","title":{"rendered":"Optische Komponenten"},"content":{"rendered":"\n<p>Wir liefern optische Komponenten aus einer Vielzahl von Materialien.<\/p>\n\n\n\n<h2 class=\"wp-block-heading\" id=\"technische-glaser\">Technische Gl\u00e4ser<\/h2>\n\n\n\n<ul class=\"wp-block-list\"><li>Diverse Planoptiken<\/li><li>Diffusoren<\/li><li>Fenster<\/li><li>Abschlussgl\u00e4ser<\/li><li>Blenden<\/li><\/ul>\n\n\n\n<h2 class=\"wp-block-heading\" id=\"replikaoptik\">Replikaoptik<\/h2>\n\n\n\n<ul class=\"wp-block-list\"><li>Ellipsenf\u00f6rmig<\/li><li>Off-Axis Parabolspiegel<\/li><li>Reflektierende Mikroskop-Objektive<\/li><li>Retroreflektoren<\/li><\/ul>\n","protected":false},"excerpt":{"rendered":"<p>Wir liefern optische Komponenten aus einer Vielzahl von Materialien. Technische Gl\u00e4ser Diverse Planoptiken Diffusoren Fenster Abschlussgl\u00e4ser Blenden Replikaoptik Ellipsenf\u00f6rmig Off-Axis Parabolspiegel Reflektierende Mikroskop-Objektive Retroreflektoren<\/p>\n","protected":false},"author":1,"featured_media":0,"parent":1272,"menu_order":0,"comment_status":"closed","ping_status":"closed","template":"","meta":{"_acf_changed":false,"_seopress_robots_primary_cat":"","_seopress_titles_title":"","_seopress_titles_desc":"","_seopress_robots_index":"","footnotes":""},"hf_cat_page":[38],"class_list":["post-1282","page","type-page","status-publish","hentry"],"blocksy_meta":{"styles_descriptor":{"styles":{"desktop":"","tablet":"","mobile":""},"google_fonts":[],"version":6}},"acf":[],"_links":{"self":[{"href":"https:\/\/www.filtrop.com\/de\/wp-json\/wp\/v2\/pages\/1282","targetHints":{"allow":["GET"]}}],"collection":[{"href":"https:\/\/www.filtrop.com\/de\/wp-json\/wp\/v2\/pages"}],"about":[{"href":"https:\/\/www.filtrop.com\/de\/wp-json\/wp\/v2\/types\/page"}],"author":[{"embeddable":true,"href":"https:\/\/www.filtrop.com\/de\/wp-json\/wp\/v2\/users\/1"}],"replies":[{"embeddable":true,"href":"https:\/\/www.filtrop.com\/de\/wp-json\/wp\/v2\/comments?post=1282"}],"version-history":[{"count":3,"href":"https:\/\/www.filtrop.com\/de\/wp-json\/wp\/v2\/pages\/1282\/revisions"}],"predecessor-version":[{"id":4000,"href":"https:\/\/www.filtrop.com\/de\/wp-json\/wp\/v2\/pages\/1282\/revisions\/4000"}],"up":[{"embeddable":true,"href":"https:\/\/www.filtrop.com\/de\/wp-json\/wp\/v2\/pages\/1272"}],"wp:attachment":[{"href":"https:\/\/www.filtrop.com\/de\/wp-json\/wp\/v2\/media?parent=1282"}],"wp:term":[{"taxonomy":"hf_cat_page","embeddable":true,"href":"https:\/\/www.filtrop.com\/de\/wp-json\/wp\/v2\/hf_cat_page?post=1282"}],"curies":[{"name":"wp","href":"https:\/\/api.w.org\/{rel}","templated":true}]}}