{"id":1280,"date":"2021-10-13T13:48:39","date_gmt":"2021-10-13T11:48:39","guid":{"rendered":"https:\/\/www.filtrop.com\/produkte\/optik-reiniger\/"},"modified":"2024-08-21T15:23:30","modified_gmt":"2024-08-21T13:23:30","slug":"optik-reiniger","status":"publish","type":"page","link":"https:\/\/www.filtrop.com\/de\/produkte\/optik-reiniger\/","title":{"rendered":"Optik-Reiniger"},"content":{"rendered":"\n<p><strong>Filtrop liefert Optik-Reiniger und Optik-Reinigungst\u00fccher.<\/strong><\/p>\n\n\n\n<p>Der Optik-Reiniger wird in 100 ml Zerst\u00e4uber-Fl\u00e4schchen sowie in 1 Liter Beh\u00e4lter geliefert. Das Reinigungsmittel eignet sich vorz\u00fcglich zur gr\u00fcndlichen Reinigung von verschmutzten oder verstaubten Oberfl\u00e4chen von hochwertiger Optik.<\/p>\n\n\n\n<p>Des Weiteren bietet Filtrop hochwertige Optik-Reinigungst\u00fccher aus Baumwolle in der Gr\u00f6sse 50 cm x 50 cm an. Die T\u00fccher sind mehrfach gewaschen und daher besonders weich und fusselfrei. Das Reinigungstuch kann durch Waschen (90\u00b0 C) wiederverwendet werden.<\/p>\n","protected":false},"excerpt":{"rendered":"<p>Filtrop liefert Optik-Reiniger und Optik-Reinigungst\u00fccher. Der Optik-Reiniger wird in 100 ml Zerst\u00e4uber-Fl\u00e4schchen sowie in 1 Liter Beh\u00e4lter geliefert. Das Reinigungsmittel eignet sich vorz\u00fcglich zur gr\u00fcndlichen Reinigung von verschmutzten oder verstaubten Oberfl\u00e4chen von hochwertiger Optik. Des Weiteren bietet Filtrop hochwertige Optik-Reinigungst\u00fccher aus Baumwolle in der Gr\u00f6sse 50 cm x 50 cm an. Die T\u00fccher sind mehrfach [&hellip;]<\/p>\n","protected":false},"author":1,"featured_media":4184,"parent":1272,"menu_order":0,"comment_status":"closed","ping_status":"closed","template":"","meta":{"_acf_changed":false,"_seopress_robots_primary_cat":"","_seopress_titles_title":"","_seopress_titles_desc":"","_seopress_robots_index":"","footnotes":""},"hf_cat_page":[38],"class_list":["post-1280","page","type-page","status-publish","has-post-thumbnail","hentry"],"blocksy_meta":{"styles_descriptor":{"styles":{"desktop":"","tablet":"","mobile":""},"google_fonts":[],"version":6}},"acf":[],"_links":{"self":[{"href":"https:\/\/www.filtrop.com\/de\/wp-json\/wp\/v2\/pages\/1280","targetHints":{"allow":["GET"]}}],"collection":[{"href":"https:\/\/www.filtrop.com\/de\/wp-json\/wp\/v2\/pages"}],"about":[{"href":"https:\/\/www.filtrop.com\/de\/wp-json\/wp\/v2\/types\/page"}],"author":[{"embeddable":true,"href":"https:\/\/www.filtrop.com\/de\/wp-json\/wp\/v2\/users\/1"}],"replies":[{"embeddable":true,"href":"https:\/\/www.filtrop.com\/de\/wp-json\/wp\/v2\/comments?post=1280"}],"version-history":[{"count":7,"href":"https:\/\/www.filtrop.com\/de\/wp-json\/wp\/v2\/pages\/1280\/revisions"}],"predecessor-version":[{"id":4145,"href":"https:\/\/www.filtrop.com\/de\/wp-json\/wp\/v2\/pages\/1280\/revisions\/4145"}],"up":[{"embeddable":true,"href":"https:\/\/www.filtrop.com\/de\/wp-json\/wp\/v2\/pages\/1272"}],"wp:featuredmedia":[{"embeddable":true,"href":"https:\/\/www.filtrop.com\/de\/wp-json\/wp\/v2\/media\/4184"}],"wp:attachment":[{"href":"https:\/\/www.filtrop.com\/de\/wp-json\/wp\/v2\/media?parent=1280"}],"wp:term":[{"taxonomy":"hf_cat_page","embeddable":true,"href":"https:\/\/www.filtrop.com\/de\/wp-json\/wp\/v2\/hf_cat_page?post=1280"}],"curies":[{"name":"wp","href":"https:\/\/api.w.org\/{rel}","templated":true}]}}