{"id":1279,"date":"2021-10-13T13:48:39","date_gmt":"2021-10-13T11:48:39","guid":{"rendered":"https:\/\/www.filtrop.com\/produkte\/nasschemische-beschichtungen\/"},"modified":"2022-01-31T17:16:16","modified_gmt":"2022-01-31T16:16:16","slug":"nasschemische-beschichtungen","status":"publish","type":"page","link":"https:\/\/www.filtrop.com\/de\/produkte\/nasschemische-beschichtungen\/","title":{"rendered":"Nasschemische Beschichtungen"},"content":{"rendered":"\n<p><strong>Bei der Sol-Gel Nanotechnologie handelt es sich um einen nasschemischen Prozess zur Herstellung neuartiger Materialien.<\/strong><\/p>\n\n\n\n<p>Durch die Wahl von geeigneten Ausgangsstoffen und Reaktionsparametern k\u00f6nnen massgeschneiderte Beschichtungsmaterialien hergestellt werden. So ist es auch m\u00f6glich, mehrere gew\u00fcnschte Eigenschaften zu kombinieren.<\/p>\n\n\n\n<h2 class=\"wp-block-heading\" id=\"mogliche-eigenschaften-von-sol-gel-schichten\"><strong>M\u00f6gliche Eigenschaften von Sol-Gel-Schichten<\/strong><\/h2>\n\n\n\n<ul class=\"wp-block-list\"><li>Hydrophob<\/li><li>Hydrophil<\/li><li>Antistatisch<\/li><li>Antimikrobiell<\/li><li>Dekorative Farbschicht<\/li><li>Schutzschicht mechanisch \/ chemisch<\/li><li>UV\/IR-Sperrschicht<\/li><\/ul>\n\n\n\n<h2 class=\"wp-block-heading\" id=\"beschichtbare-materialien\">Beschichtbare Materialien<\/h2>\n\n\n\n<ul class=\"wp-block-list\"><li>Glas<\/li><li>Keramik<\/li><li>Metall<\/li><li>Kunststoff<\/li><\/ul>\n","protected":false},"excerpt":{"rendered":"<p>Bei der Sol-Gel Nanotechnologie handelt es sich um einen nasschemischen Prozess zur Herstellung neuartiger Materialien. Durch die Wahl von geeigneten Ausgangsstoffen und Reaktionsparametern k\u00f6nnen massgeschneiderte Beschichtungsmaterialien hergestellt werden. So ist es auch m\u00f6glich, mehrere gew\u00fcnschte Eigenschaften zu kombinieren. M\u00f6gliche Eigenschaften von Sol-Gel-Schichten Hydrophob Hydrophil Antistatisch Antimikrobiell Dekorative Farbschicht Schutzschicht mechanisch \/ chemisch UV\/IR-Sperrschicht Beschichtbare Materialien [&hellip;]<\/p>\n","protected":false},"author":1,"featured_media":1405,"parent":1272,"menu_order":0,"comment_status":"closed","ping_status":"closed","template":"","meta":{"_acf_changed":false,"_seopress_robots_primary_cat":"","_seopress_titles_title":"","_seopress_titles_desc":"","_seopress_robots_index":"","footnotes":""},"hf_cat_page":[38],"class_list":["post-1279","page","type-page","status-publish","has-post-thumbnail","hentry"],"blocksy_meta":{"styles_descriptor":{"styles":{"desktop":"","tablet":"","mobile":""},"google_fonts":[],"version":6}},"acf":[],"_links":{"self":[{"href":"https:\/\/www.filtrop.com\/de\/wp-json\/wp\/v2\/pages\/1279","targetHints":{"allow":["GET"]}}],"collection":[{"href":"https:\/\/www.filtrop.com\/de\/wp-json\/wp\/v2\/pages"}],"about":[{"href":"https:\/\/www.filtrop.com\/de\/wp-json\/wp\/v2\/types\/page"}],"author":[{"embeddable":true,"href":"https:\/\/www.filtrop.com\/de\/wp-json\/wp\/v2\/users\/1"}],"replies":[{"embeddable":true,"href":"https:\/\/www.filtrop.com\/de\/wp-json\/wp\/v2\/comments?post=1279"}],"version-history":[{"count":2,"href":"https:\/\/www.filtrop.com\/de\/wp-json\/wp\/v2\/pages\/1279\/revisions"}],"predecessor-version":[{"id":3275,"href":"https:\/\/www.filtrop.com\/de\/wp-json\/wp\/v2\/pages\/1279\/revisions\/3275"}],"up":[{"embeddable":true,"href":"https:\/\/www.filtrop.com\/de\/wp-json\/wp\/v2\/pages\/1272"}],"wp:featuredmedia":[{"embeddable":true,"href":"https:\/\/www.filtrop.com\/de\/wp-json\/wp\/v2\/media\/1405"}],"wp:attachment":[{"href":"https:\/\/www.filtrop.com\/de\/wp-json\/wp\/v2\/media?parent=1279"}],"wp:term":[{"taxonomy":"hf_cat_page","embeddable":true,"href":"https:\/\/www.filtrop.com\/de\/wp-json\/wp\/v2\/hf_cat_page?post=1279"}],"curies":[{"name":"wp","href":"https:\/\/api.w.org\/{rel}","templated":true}]}}