{"id":1276,"date":"2021-10-13T13:48:39","date_gmt":"2021-10-13T11:48:39","guid":{"rendered":"https:\/\/www.filtrop.com\/dienstleistungen\/entwicklung-von-optischen-systemen-baugruppen-und-geraeten\/"},"modified":"2021-10-13T22:38:46","modified_gmt":"2021-10-13T20:38:46","slug":"entwicklung-von-optischen-systemen-baugruppen-und-geraeten","status":"publish","type":"page","link":"https:\/\/www.filtrop.com\/de\/dienstleistungen\/entwicklung-von-optischen-systemen-baugruppen-und-geraeten\/","title":{"rendered":"Entwicklung von optischen Systemen, Baugruppen und Ger\u00e4ten"},"content":{"rendered":"\n<p><strong>Entwicklung und Fertigung von Modulen, Baugruppen und kompletten Analyseger\u00e4ten f\u00fcr die Biotechnologie und die medizinische Diagnostik.<\/strong><\/p>\n\n\n\n<p>Zusammen mit unserer Expertise von Fluoreszenzfiltern, welche eine wichtige Grundlage f\u00fcr die Fluoreszenzdetektion-Technologie ist, verf\u00fcgen wir \u00fcber Systemwissen f\u00fcr die 2-dimsensionale Fluoreszenz-Detektion.<\/p>\n\n\n\n<p>Unser Know-how basiert auf unserer mehr als 20-j\u00e4hrigen Erfahrung in der Realisierung von Detektions-Einheiten f\u00fcr Bio-Chips und kompletten Systemen f\u00fcr die molekulare Diagnostik.<\/p>\n\n\n\n<p>Neben der Erarbeitung von Konzepten und Designs f\u00fcr die DNA-Probenaufbereitungssysteme haben wir grosse Erfahrung in der Entwicklung und Realisierung von mehreren Generationen von Realtime-PCR-Systemen. Dabei konnten wir neben dem Probenfluss auch Konzepte f\u00fcr die Datenintegrit\u00e4t (PSID) zwischen den Modulen und dem LIMS-System erarbeiten und realisieren.<\/p>\n\n\n\n<p>Bei den Realtime-PCR-Cyclern spielt neben der hochsensitiven Detektion von Fluorophoren auch die genaue Temperierung der Reaktionsgef\u00e4\u00dfe eine wichtige Rolle. Auch in diesem Bereich k\u00f6nnen wir Ihnen die Entwicklung und Fertigung von hochpr\u00e4zisen Schnell-Temperatursystemen anbieten.<\/p>\n\n\n\n<h2 class=\"wp-block-heading\">Hochpr\u00e4zisions-Realtime-Cycler:<\/h2>\n\n\n\n<ul class=\"wp-block-list\"><li>24 oder 96 Proben<\/li><li>50 Zyklen &lt; 30 Min.<\/li><li>6 Kan\u00e4le<\/li><\/ul>\n\n\n\n<p>Zus\u00e4tzlich zur Technologie f\u00fcr Hochpr\u00e4zisions-Temperierung ist unsere wichtigste Kernkompetenz die Entwicklung und Fertigung von 2D-Fluoreszenz-Detektionseinheiten f\u00fcr biotechnologische Anwendungen und In-Vitro-Diagnostische Systeme.<\/p>\n\n\n\n<p>Bei der Realisierung von mehreren Ger\u00e4tegenerationen haben wir gelernt, das Beleuchtungssystem und Detektionssystem und deren optische Anordnung so zu optimieren, dass neben einem maximalen Signal der Untergrund minimiert ist.<br>Gleichzeitig beherrschen wir die Optimierung der Fluoreszenzfilter bez\u00fcglich eines minimalen spektralen Crosstalks, verursacht durch die spektrale Bandbreite der Dyes.<\/p>\n\n\n\n<h2 class=\"wp-block-heading\"><strong>6-kanaliges Fluoreszenz System f\u00fcr einen Reatime-PCR-Cycler:<\/strong><\/h2>\n\n\n\n<ul class=\"wp-block-list\"><li>bis zu 6 Kan\u00e4le<\/li><li>Filtersysteme optimiert auf kundenspezifische Dyes<\/li><li>Fl\u00e4chen bis zu 10\u00d712 cm\u00b2<\/li><li>Nachweisgrenzen kleiner 0,1nM<\/li><li>S\/N gr\u00f6\u00dfer 1000 @ 100nM Fluorescein<\/li><li>Langzeit-Stabilit\u00e4t des Signals &lt; 0.3%<\/li><\/ul>\n","protected":false},"excerpt":{"rendered":"<p>Entwicklung und Fertigung von Modulen, Baugruppen und kompletten Analyseger\u00e4ten f\u00fcr die Biotechnologie und die medizinische Diagnostik. Zusammen mit unserer Expertise von Fluoreszenzfiltern, welche eine wichtige Grundlage f\u00fcr die Fluoreszenzdetektion-Technologie ist, verf\u00fcgen wir \u00fcber Systemwissen f\u00fcr die 2-dimsensionale Fluoreszenz-Detektion. Unser Know-how basiert auf unserer mehr als 20-j\u00e4hrigen Erfahrung in der Realisierung von Detektions-Einheiten f\u00fcr Bio-Chips und [&hellip;]<\/p>\n","protected":false},"author":1,"featured_media":1468,"parent":1269,"menu_order":0,"comment_status":"closed","ping_status":"closed","template":"","meta":{"_acf_changed":false,"_seopress_robots_primary_cat":"","_seopress_titles_title":"","_seopress_titles_desc":"","_seopress_robots_index":"","footnotes":""},"hf_cat_page":[33],"class_list":["post-1276","page","type-page","status-publish","has-post-thumbnail","hentry"],"blocksy_meta":{"styles_descriptor":{"styles":{"desktop":"","tablet":"","mobile":""},"google_fonts":[],"version":6}},"acf":[],"_links":{"self":[{"href":"https:\/\/www.filtrop.com\/de\/wp-json\/wp\/v2\/pages\/1276","targetHints":{"allow":["GET"]}}],"collection":[{"href":"https:\/\/www.filtrop.com\/de\/wp-json\/wp\/v2\/pages"}],"about":[{"href":"https:\/\/www.filtrop.com\/de\/wp-json\/wp\/v2\/types\/page"}],"author":[{"embeddable":true,"href":"https:\/\/www.filtrop.com\/de\/wp-json\/wp\/v2\/users\/1"}],"replies":[{"embeddable":true,"href":"https:\/\/www.filtrop.com\/de\/wp-json\/wp\/v2\/comments?post=1276"}],"version-history":[{"count":0,"href":"https:\/\/www.filtrop.com\/de\/wp-json\/wp\/v2\/pages\/1276\/revisions"}],"up":[{"embeddable":true,"href":"https:\/\/www.filtrop.com\/de\/wp-json\/wp\/v2\/pages\/1269"}],"wp:featuredmedia":[{"embeddable":true,"href":"https:\/\/www.filtrop.com\/de\/wp-json\/wp\/v2\/media\/1468"}],"wp:attachment":[{"href":"https:\/\/www.filtrop.com\/de\/wp-json\/wp\/v2\/media?parent=1276"}],"wp:term":[{"taxonomy":"hf_cat_page","embeddable":true,"href":"https:\/\/www.filtrop.com\/de\/wp-json\/wp\/v2\/hf_cat_page?post=1276"}],"curies":[{"name":"wp","href":"https:\/\/api.w.org\/{rel}","templated":true}]}}